{"id":338,"date":"2023-10-21T03:31:32","date_gmt":"2023-10-21T01:31:32","guid":{"rendered":"https:\/\/leii.no\/content\/?page_id=338"},"modified":"2024-04-03T15:57:33","modified_gmt":"2024-04-03T13:57:33","slug":"om-leii","status":"publish","type":"page","link":"https:\/\/leii.no\/innhold\/om-leii\/","title":{"rendered":"Om Leii"},"content":{"rendered":"\n<div class=\"wp-block-group alignfull has-tertiary-background-color has-background has-global-padding is-layout-constrained wp-container-core-group-is-layout-f9c26c94 wp-block-group-is-layout-constrained\" style=\"margin-top:0;margin-bottom:0;padding-top:var(--wp--preset--spacing--xx-large);padding-right:var(--wp--preset--spacing--medium);padding-bottom:var(--wp--preset--spacing--xx-large);padding-left:var(--wp--preset--spacing--medium)\">\n<div class=\"wp-block-columns alignwide are-vertically-aligned-center is-layout-flex wp-container-core-columns-is-layout-010e51cd wp-block-columns-is-layout-flex\">\n<div class=\"wp-block-column is-vertically-aligned-center is-layout-flow wp-container-core-column-is-layout-c7b3064f wp-block-column-is-layout-flow\">\n<div class=\"wp-block-group is-layout-flow wp-block-group-is-layout-flow\">\n<div class=\"wp-block-group has-global-padding is-layout-constrained wp-container-core-group-is-layout-f5f3bcb8 wp-block-group-is-layout-constrained\">\n<h1 class=\"wp-block-heading\" id=\"h-norges-forste-breddeplattform-for-tjenester\">Norges f\u00f8rste breddeplattform for tjenester.<\/h1>\n\n\n\n<p>Leii er en norsk, tosidig og digital samleplattform som skal forenkle og berike menneskers hverdag. Vi samler etterspurte og underutnyttede tjenester p\u00e5 ett sted og gj\u00f8r dem mer tilgjengelige.<\/p>\n<\/div>\n<\/div>\n<\/div>\n\n\n\n<div class=\"wp-block-column is-vertically-aligned-center has-main-background-color has-background is-layout-flow wp-container-core-column-is-layout-c7b3064f wp-block-column-is-layout-flow\"><\/div>\n<\/div>\n<\/div>\n\n\n\n<hr class=\"wp-block-separator has-alpha-channel-opacity is-style-separator-thin\" style=\"margin-top:var(--wp--preset--spacing--medium);margin-bottom:var(--wp--preset--spacing--medium)\"\/>\n\n\n\n<h2 class=\"wp-block-heading has-medium-font-size\" id=\"h-hvem-og-hvordan\">Hvem og hvordan?<\/h2>\n\n\n\n<p>Id\u00e9en om konseptet til Leii oppstod i 2018 hos gr\u00fcnder og CEO Frederic Kvasnes da han selv skulle fors\u00f8ke \u00e5 bestille ulike tjenester som viste seg \u00e5 v\u00e6re vanskelig \u00e5 finne og f\u00e5 tak i.<\/p>\n\n\n\n<figure class=\"wp-block-image size-full\"><img loading=\"lazy\" decoding=\"async\" width=\"635\" height=\"673\" src=\"https:\/\/leii.no\/innhold\/wp-content\/uploads\/2023\/10\/Leii-Omtale-i-Dagens-Perspektiv.png\" alt=\"Frederic Kvasnes, gr\u00fcnder av Leii, p\u00e5 kontoret p\u00e5 Sk\u00f8yen.\" class=\"wp-image-256\" srcset=\"https:\/\/leii.no\/innhold\/wp-content\/uploads\/2023\/10\/Leii-Omtale-i-Dagens-Perspektiv.png 635w, https:\/\/leii.no\/innhold\/wp-content\/uploads\/2023\/10\/Leii-Omtale-i-Dagens-Perspektiv-283x300.png 283w\" sizes=\"auto, (max-width: 635px) 100vw, 635px\" \/><figcaption class=\"wp-element-caption\">CEO og gr\u00fcnder av Leii, Frederic Kvasnes<\/figcaption><\/figure>\n\n\n\n<p>Denne tydelige mangelen i markedet gjorde at id\u00e9en to \u00e5r senere ble realisert.<\/p>\n\n\n\n<p>Selskapet ble offisielt etablert i 2021 og selskapet baserer seg i dag p\u00e5 en unik teknologi, veletablerte samarbeid med bransjeledende partnere og et tverrfaglig team som innehar bred erfaring og kompetanse.<br>Sammen skal vi tilgjengeliggj\u00f8re uutnyttet kapasitet i samfunnet og skape verdi for v\u00e5re kunder og tilbydere p\u00e5 en helt ny m\u00e5te.<\/p>\n\n\n\n<p>Vi er i en vekstfase og har store ambisjoner for fremtiden.<br>Med dedikerte ansatte og samarbeidspartnere som virkelig har tro p\u00e5 konseptet, er dette bare begynnelsen.<\/p>\n\n\n\n<p><br><a href=\"https:\/\/leii.no\/innhold\/kontakt-oss\/\">Ta kontakt med oss<\/a> om du har lyst til \u00e5 bli med p\u00e5 reisen.<\/p>\n\n\n\n<hr class=\"wp-block-separator has-alpha-channel-opacity is-style-separator-thin\" style=\"margin-top:var(--wp--preset--spacing--medium);margin-bottom:var(--wp--preset--spacing--medium)\"\/>\n\n\n\n<div class=\"wp-block-group alignfull has-custom-yellow-4-background-color has-background has-global-padding is-layout-constrained wp-container-core-group-is-layout-d6f11d2f wp-block-group-is-layout-constrained\" style=\"margin-top:0;margin-bottom:0;padding-top:var(--wp--preset--spacing--xxx-large);padding-right:var(--wp--preset--spacing--medium);padding-bottom:0;padding-left:var(--wp--preset--spacing--medium)\">\n<div class=\"wp-block-columns are-vertically-aligned-center is-layout-flex wp-container-core-columns-is-layout-28f84493 wp-block-columns-is-layout-flex\">\n<div class=\"wp-block-column is-vertically-aligned-center is-layout-flow wp-block-column-is-layout-flow\">\n<figure class=\"wp-block-image size-full\"><img loading=\"lazy\" decoding=\"async\" width=\"281\" height=\"336\" src=\"https:\/\/leii.no\/innhold\/wp-content\/uploads\/2023\/10\/iphone-12-black-1.png\" alt=\"Bilde av telefon med QR-kode for \u00e5 laste ned Leii-appen. \" class=\"wp-image-603\" srcset=\"https:\/\/leii.no\/innhold\/wp-content\/uploads\/2023\/10\/iphone-12-black-1.png 281w, https:\/\/leii.no\/innhold\/wp-content\/uploads\/2023\/10\/iphone-12-black-1-251x300.png 251w\" sizes=\"auto, (max-width: 281px) 100vw, 281px\" \/><\/figure>\n<\/div>\n\n\n\n<div class=\"wp-block-column is-vertically-aligned-center is-layout-flow wp-block-column-is-layout-flow\">\n<h2 class=\"wp-block-heading has-large-font-size\" id=\"h-last-ned-leii-appen-na\">Last ned Leii-appen n\u00e5!<\/h2>\n\n\n\n<p>Du finner oss i App Store og Google Play<\/p>\n\n\n\n<div class=\"wp-block-columns is-layout-flex wp-container-core-columns-is-layout-28f84493 wp-block-columns-is-layout-flex\">\n<div class=\"wp-block-column is-layout-flow wp-block-column-is-layout-flow\">\n<figure class=\"wp-block-image alignleft size-full\"><a href=\"https:\/\/apps.apple.com\/no\/app\/leii\/id1617282965\" target=\"_blank\" rel=\"noreferrer noopener\"><img loading=\"lazy\" decoding=\"async\" width=\"154\" height=\"51\" src=\"https:\/\/leii.no\/innhold\/wp-content\/uploads\/2023\/10\/image-11.png\" alt=\"Last ned fra App Store badge\" class=\"wp-image-602\" style=\"aspect-ratio:3.019607843137255;object-fit:cover\" srcset=\"https:\/\/leii.no\/innhold\/wp-content\/uploads\/2023\/10\/image-11.png 154w, https:\/\/leii.no\/innhold\/wp-content\/uploads\/2023\/10\/image-11-150x51.png 150w\" sizes=\"auto, (max-width: 154px) 100vw, 154px\" \/><\/a><\/figure>\n<\/div>\n\n\n\n<div class=\"wp-block-column is-layout-flow wp-block-column-is-layout-flow\">\n<figure class=\"wp-block-image alignleft size-full is-resized\"><a href=\"https:\/\/play.google.com\/store\/apps\/details?id=no.leii.app&amp;hl=NO\" target=\"_blank\" rel=\"noreferrer noopener\"><img loading=\"lazy\" decoding=\"async\" width=\"154\" height=\"53\" src=\"https:\/\/leii.no\/innhold\/wp-content\/uploads\/2023\/10\/image-12.png\" alt=\"\" class=\"wp-image-604\" style=\"aspect-ratio:2.9056603773584904;object-fit:cover;width:112px;height:auto\" srcset=\"https:\/\/leii.no\/innhold\/wp-content\/uploads\/2023\/10\/image-12.png 154w, https:\/\/leii.no\/innhold\/wp-content\/uploads\/2023\/10\/image-12-150x53.png 150w\" sizes=\"auto, (max-width: 154px) 100vw, 154px\" \/><\/a><\/figure>\n<\/div>\n<\/div>\n<\/div>\n<\/div>\n<\/div>\n","protected":false},"excerpt":{"rendered":"<p>Norges f\u00f8rste breddeplattform for tjenester. Leii er en norsk, tosidig og digital samleplattform som skal forenkle og berike menneskers hverdag. Vi samler etterspurte og underutnyttede tjenester p\u00e5 ett sted og gj\u00f8r dem mer tilgjengelige. Hvem og hvordan? Id\u00e9en om konseptet til Leii oppstod i 2018 hos gr\u00fcnder og CEO Frederic Kvasnes da han selv skulle [&hellip;]<\/p>\n","protected":false},"author":2,"featured_media":0,"parent":0,"menu_order":0,"comment_status":"closed","ping_status":"closed","template":"page-no-title","meta":{"content-type":"","_monsterinsights_skip_tracking":false,"_monsterinsights_sitenote_active":false,"_monsterinsights_sitenote_note":"","_monsterinsights_sitenote_category":0,"footnotes":""},"class_list":["post-338","page","type-page","status-publish","hentry"],"yoast_head":"<!-- This site is optimized with the Yoast SEO Premium plugin v25.8 (Yoast SEO v27.4) - https:\/\/yoast.com\/product\/yoast-seo-premium-wordpress\/ -->\n<title>Om Leii<\/title>\n<meta name=\"description\" content=\"Leii er en norsk breddeplattform som skal forenkle og berike menneskers hverdag. Du finner oss b\u00e5de p\u00e5 nett og som app!\" \/>\n<meta name=\"robots\" content=\"index, follow, max-snippet:-1, max-image-preview:large, max-video-preview:-1\" \/>\n<link rel=\"canonical\" href=\"https:\/\/leii.no\/innhold\/om-leii\/\" \/>\n<meta property=\"og:locale\" content=\"nb_NO\" \/>\n<meta property=\"og:type\" content=\"article\" \/>\n<meta property=\"og:title\" content=\"Om Leii\" \/>\n<meta property=\"og:description\" content=\"Leii er en norsk breddeplattform som skal forenkle og berike menneskers hverdag. Du finner oss b\u00e5de p\u00e5 nett og som app!\" \/>\n<meta property=\"og:url\" content=\"https:\/\/leii.no\/innhold\/om-leii\/\" \/>\n<meta property=\"article:modified_time\" content=\"2024-04-03T13:57:33+00:00\" \/>\n<meta property=\"og:image\" content=\"https:\/\/leii.no\/innhold\/wp-content\/uploads\/2023\/10\/Leii-Omtale-i-Dagens-Perspektiv.png\" \/>\n<meta name=\"twitter:card\" content=\"summary_large_image\" \/>\n<meta name=\"twitter:label1\" content=\"Ansl. lesetid\" \/>\n\t<meta name=\"twitter:data1\" content=\"2 minutter\" \/>\n<script type=\"application\/ld+json\" class=\"yoast-schema-graph\">{\"@context\":\"https:\\\/\\\/schema.org\",\"@graph\":[{\"@type\":\"WebPage\",\"@id\":\"https:\\\/\\\/leii.no\\\/innhold\\\/om-leii\\\/\",\"url\":\"https:\\\/\\\/leii.no\\\/innhold\\\/om-leii\\\/\",\"name\":\"Om Leii\",\"isPartOf\":{\"@id\":\"https:\\\/\\\/leii.no\\\/innhold\\\/#website\"},\"primaryImageOfPage\":{\"@id\":\"https:\\\/\\\/leii.no\\\/innhold\\\/om-leii\\\/#primaryimage\"},\"image\":{\"@id\":\"https:\\\/\\\/leii.no\\\/innhold\\\/om-leii\\\/#primaryimage\"},\"thumbnailUrl\":\"https:\\\/\\\/leii.no\\\/innhold\\\/wp-content\\\/uploads\\\/2023\\\/10\\\/Leii-Omtale-i-Dagens-Perspektiv.png\",\"datePublished\":\"2023-10-21T01:31:32+00:00\",\"dateModified\":\"2024-04-03T13:57:33+00:00\",\"description\":\"Leii er en norsk breddeplattform som skal forenkle og berike menneskers hverdag. Du finner oss b\u00e5de p\u00e5 nett og som app!\",\"breadcrumb\":{\"@id\":\"https:\\\/\\\/leii.no\\\/innhold\\\/om-leii\\\/#breadcrumb\"},\"inLanguage\":\"nb-NO\",\"potentialAction\":[{\"@type\":\"ReadAction\",\"target\":[\"https:\\\/\\\/leii.no\\\/innhold\\\/om-leii\\\/\"]}]},{\"@type\":\"ImageObject\",\"inLanguage\":\"nb-NO\",\"@id\":\"https:\\\/\\\/leii.no\\\/innhold\\\/om-leii\\\/#primaryimage\",\"url\":\"https:\\\/\\\/leii.no\\\/innhold\\\/wp-content\\\/uploads\\\/2023\\\/10\\\/Leii-Omtale-i-Dagens-Perspektiv.png\",\"contentUrl\":\"https:\\\/\\\/leii.no\\\/innhold\\\/wp-content\\\/uploads\\\/2023\\\/10\\\/Leii-Omtale-i-Dagens-Perspektiv.png\",\"width\":635,\"height\":673,\"caption\":\"Frederic Kvasnes, gr\u00fcnder av Leii, p\u00e5 kontoret p\u00e5 Sk\u00f8yen.\"},{\"@type\":\"BreadcrumbList\",\"@id\":\"https:\\\/\\\/leii.no\\\/innhold\\\/om-leii\\\/#breadcrumb\",\"itemListElement\":[{\"@type\":\"ListItem\",\"position\":1,\"name\":\"Hjem\",\"item\":\"https:\\\/\\\/leii.no\\\/innhold\\\/\"},{\"@type\":\"ListItem\",\"position\":2,\"name\":\"Om Leii\"}]},{\"@type\":\"WebSite\",\"@id\":\"https:\\\/\\\/leii.no\\\/innhold\\\/#website\",\"url\":\"https:\\\/\\\/leii.no\\\/innhold\\\/\",\"name\":\"Leii\",\"description\":\"Tjenester der du er\",\"publisher\":{\"@id\":\"https:\\\/\\\/leii.no\\\/innhold\\\/#organization\"},\"potentialAction\":[{\"@type\":\"SearchAction\",\"target\":{\"@type\":\"EntryPoint\",\"urlTemplate\":\"https:\\\/\\\/leii.no\\\/innhold\\\/?s={search_term_string}\"},\"query-input\":{\"@type\":\"PropertyValueSpecification\",\"valueRequired\":true,\"valueName\":\"search_term_string\"}}],\"inLanguage\":\"nb-NO\"},{\"@type\":\"Organization\",\"@id\":\"https:\\\/\\\/leii.no\\\/innhold\\\/#organization\",\"name\":\"Leii\",\"url\":\"https:\\\/\\\/leii.no\\\/innhold\\\/\",\"logo\":{\"@type\":\"ImageObject\",\"inLanguage\":\"nb-NO\",\"@id\":\"https:\\\/\\\/leii.no\\\/innhold\\\/#\\\/schema\\\/logo\\\/image\\\/\",\"url\":\"https:\\\/\\\/leii.no\\\/innhold\\\/wp-content\\\/uploads\\\/2023\\\/10\\\/Leii_logo_white.png\",\"contentUrl\":\"https:\\\/\\\/leii.no\\\/innhold\\\/wp-content\\\/uploads\\\/2023\\\/10\\\/Leii_logo_white.png\",\"width\":135,\"height\":82,\"caption\":\"Leii\"},\"image\":{\"@id\":\"https:\\\/\\\/leii.no\\\/innhold\\\/#\\\/schema\\\/logo\\\/image\\\/\"}}]}<\/script>\n<!-- \/ Yoast SEO Premium plugin. -->","yoast_head_json":{"title":"Om Leii","description":"Leii er en norsk breddeplattform som skal forenkle og berike menneskers hverdag. Du finner oss b\u00e5de p\u00e5 nett og som app!","robots":{"index":"index","follow":"follow","max-snippet":"max-snippet:-1","max-image-preview":"max-image-preview:large","max-video-preview":"max-video-preview:-1"},"canonical":"https:\/\/leii.no\/innhold\/om-leii\/","og_locale":"nb_NO","og_type":"article","og_title":"Om Leii","og_description":"Leii er en norsk breddeplattform som skal forenkle og berike menneskers hverdag. Du finner oss b\u00e5de p\u00e5 nett og som app!","og_url":"https:\/\/leii.no\/innhold\/om-leii\/","article_modified_time":"2024-04-03T13:57:33+00:00","og_image":[{"url":"https:\/\/leii.no\/innhold\/wp-content\/uploads\/2023\/10\/Leii-Omtale-i-Dagens-Perspektiv.png","type":"","width":"","height":""}],"twitter_card":"summary_large_image","twitter_misc":{"Ansl. lesetid":"2 minutter"},"schema":{"@context":"https:\/\/schema.org","@graph":[{"@type":"WebPage","@id":"https:\/\/leii.no\/innhold\/om-leii\/","url":"https:\/\/leii.no\/innhold\/om-leii\/","name":"Om Leii","isPartOf":{"@id":"https:\/\/leii.no\/innhold\/#website"},"primaryImageOfPage":{"@id":"https:\/\/leii.no\/innhold\/om-leii\/#primaryimage"},"image":{"@id":"https:\/\/leii.no\/innhold\/om-leii\/#primaryimage"},"thumbnailUrl":"https:\/\/leii.no\/innhold\/wp-content\/uploads\/2023\/10\/Leii-Omtale-i-Dagens-Perspektiv.png","datePublished":"2023-10-21T01:31:32+00:00","dateModified":"2024-04-03T13:57:33+00:00","description":"Leii er en norsk breddeplattform som skal forenkle og berike menneskers hverdag. Du finner oss b\u00e5de p\u00e5 nett og som app!","breadcrumb":{"@id":"https:\/\/leii.no\/innhold\/om-leii\/#breadcrumb"},"inLanguage":"nb-NO","potentialAction":[{"@type":"ReadAction","target":["https:\/\/leii.no\/innhold\/om-leii\/"]}]},{"@type":"ImageObject","inLanguage":"nb-NO","@id":"https:\/\/leii.no\/innhold\/om-leii\/#primaryimage","url":"https:\/\/leii.no\/innhold\/wp-content\/uploads\/2023\/10\/Leii-Omtale-i-Dagens-Perspektiv.png","contentUrl":"https:\/\/leii.no\/innhold\/wp-content\/uploads\/2023\/10\/Leii-Omtale-i-Dagens-Perspektiv.png","width":635,"height":673,"caption":"Frederic Kvasnes, gr\u00fcnder av Leii, p\u00e5 kontoret p\u00e5 Sk\u00f8yen."},{"@type":"BreadcrumbList","@id":"https:\/\/leii.no\/innhold\/om-leii\/#breadcrumb","itemListElement":[{"@type":"ListItem","position":1,"name":"Hjem","item":"https:\/\/leii.no\/innhold\/"},{"@type":"ListItem","position":2,"name":"Om Leii"}]},{"@type":"WebSite","@id":"https:\/\/leii.no\/innhold\/#website","url":"https:\/\/leii.no\/innhold\/","name":"Leii","description":"Tjenester der du er","publisher":{"@id":"https:\/\/leii.no\/innhold\/#organization"},"potentialAction":[{"@type":"SearchAction","target":{"@type":"EntryPoint","urlTemplate":"https:\/\/leii.no\/innhold\/?s={search_term_string}"},"query-input":{"@type":"PropertyValueSpecification","valueRequired":true,"valueName":"search_term_string"}}],"inLanguage":"nb-NO"},{"@type":"Organization","@id":"https:\/\/leii.no\/innhold\/#organization","name":"Leii","url":"https:\/\/leii.no\/innhold\/","logo":{"@type":"ImageObject","inLanguage":"nb-NO","@id":"https:\/\/leii.no\/innhold\/#\/schema\/logo\/image\/","url":"https:\/\/leii.no\/innhold\/wp-content\/uploads\/2023\/10\/Leii_logo_white.png","contentUrl":"https:\/\/leii.no\/innhold\/wp-content\/uploads\/2023\/10\/Leii_logo_white.png","width":135,"height":82,"caption":"Leii"},"image":{"@id":"https:\/\/leii.no\/innhold\/#\/schema\/logo\/image\/"}}]}},"_links":{"self":[{"href":"https:\/\/leii.no\/innhold\/wp-json\/wp\/v2\/pages\/338","targetHints":{"allow":["GET"]}}],"collection":[{"href":"https:\/\/leii.no\/innhold\/wp-json\/wp\/v2\/pages"}],"about":[{"href":"https:\/\/leii.no\/innhold\/wp-json\/wp\/v2\/types\/page"}],"author":[{"embeddable":true,"href":"https:\/\/leii.no\/innhold\/wp-json\/wp\/v2\/users\/2"}],"replies":[{"embeddable":true,"href":"https:\/\/leii.no\/innhold\/wp-json\/wp\/v2\/comments?post=338"}],"version-history":[{"count":24,"href":"https:\/\/leii.no\/innhold\/wp-json\/wp\/v2\/pages\/338\/revisions"}],"predecessor-version":[{"id":1013,"href":"https:\/\/leii.no\/innhold\/wp-json\/wp\/v2\/pages\/338\/revisions\/1013"}],"wp:attachment":[{"href":"https:\/\/leii.no\/innhold\/wp-json\/wp\/v2\/media?parent=338"}],"curies":[{"name":"wp","href":"https:\/\/api.w.org\/{rel}","templated":true}]}}