{"id":451,"date":"2023-10-22T15:43:14","date_gmt":"2023-10-22T13:43:14","guid":{"rendered":"https:\/\/leii.no\/content\/?page_id=451"},"modified":"2024-04-03T10:00:07","modified_gmt":"2024-04-03T08:00:07","slug":"kunde-ofte-stilte-sporsmal","status":"publish","type":"page","link":"https:\/\/leii.no\/innhold\/ofte-stilte-sporsmal\/kunde-ofte-stilte-sporsmal\/","title":{"rendered":"Kunde &#8211; ofte stilte sp\u00f8rsm\u00e5l"},"content":{"rendered":"\n<div class=\"wp-block-group is-nowrap is-layout-flex wp-container-core-group-is-layout-6c531013 wp-block-group-is-layout-flex\">\n<p><a href=\"https:\/\/leii.no\/innhold\/ofte-stilte-sporsmal\/\">FAQ om Leii<\/a><\/p>\n\n\n\n<p class=\"has-secondary-color has-text-color\">FAQ for kunde<\/p>\n\n\n\n<p><a href=\"https:\/\/leii.no\/innhold\/ofte-stilte-sporsmal\/tilbyder-ofte-stilte-sporsmal\/\">FAQ for tilbyder<\/a><\/p>\n<\/div>\n\n\n\n<div class=\"schema-faq wp-block-yoast-faq-block\"><div class=\"schema-faq-section\" id=\"faq-question-1697885877977\"><strong class=\"schema-faq-question\">Jeg har ikke alt som st\u00e5r under \u201ckundens sjekkliste\u201d, men \u00f8nsker fortsatt \u00e5 bestille tjenesten. Hva gj\u00f8r jeg?<\/strong> <p class=\"schema-faq-answer\">Send en melding til tilbyder og h\u00f8r om vedkommende har mulighet til \u00e5 stille med dette, eventuelt mot et lite tillegg.<\/p> <\/div> <div class=\"schema-faq-section\" id=\"faq-question-1697981478383\"><strong class=\"schema-faq-question\">Kan jeg snakke med tilbyder f\u00f8r jeg bestiller?<\/strong> <p class=\"schema-faq-answer\">Det \u00e5pner seg en chat mellom deg og tilbyder n\u00e5r man sender inn en foresp\u00f8rsel. Her kan du og tilbyderen kommunisere fritt.<\/p> <\/div> <div class=\"schema-faq-section\" id=\"faq-question-1697981490683\"><strong class=\"schema-faq-question\">Hvordan kansellerer jeg en bestilling?<\/strong> <p class=\"schema-faq-answer\">For \u00e5 kansellere en bestilling som kunde, g\u00e5r du inn p\u00e5 bestillingene dine og finner knappen \u201cavbestill booking\/Cancel booking\u201d. Du kan kansellere n\u00e5r som helst, men for \u00e5 f\u00e5 pengene refundert, m\u00e5 du passe p\u00e5 \u00e5 avbestille 48 timer eller 7 dager f\u00f8r oppdraget avhengig av hvilken kategori tjenesten du har bestilt tilh\u00f8rer.<br\/><br\/> &#8211; 7 dager: DJ, bartender, musiker, kokk, fotograf<br\/> &#8211; 48 timer: PT, fris\u00f8r, renhold, dyrepass, studiehjelp, muskelterapeut.<\/p> <\/div> <div class=\"schema-faq-section\" id=\"faq-question-1697981663482\"><strong class=\"schema-faq-question\">Jeg \u00f8nsker meg ny funksjonalitet i appen eller p\u00e5 nettsiden. Hvordan kontakter jeg dere ang\u00e5ende dette?<\/strong> <p class=\"schema-faq-answer\">Fyll inn kontaktskjemaet her (<a href=\"https:\/\/leii-docs.no\/kontakt\">https:\/\/leii-docs.no\/kontakt<\/a>) s\u00e5 tar vi det med oss n\u00e5r vi utvikler ny funksjonalitet.<\/p> <\/div> <div class=\"schema-faq-section\" id=\"faq-question-1697981691566\"><strong class=\"schema-faq-question\">Hva gj\u00f8r jeg hvis tilbyder ikke m\u00f8ter opp eller ikke leverer den tjenesten vedkommende skulle?<\/strong> <p class=\"schema-faq-answer\">Kontakt oss p\u00e5 kundeservice her (<a href=\"https:\/\/leii-docs.no\/kontakt\">https:\/\/leii-docs.no\/kontakt<\/a>) s\u00e5 hjelper vi deg videre.<\/p> <\/div> <\/div>\n\n\n\n<hr class=\"wp-block-separator has-text-color has-base-color has-alpha-channel-opacity has-base-background-color has-background is-style-separator-thin\" style=\"margin-top:var(--wp--preset--spacing--large);margin-bottom:var(--wp--preset--spacing--large)\"\/>\n\n\n\n<div class=\"wp-block-group alignfull has-custom-yellow-4-background-color has-background has-global-padding is-layout-constrained wp-container-core-group-is-layout-d6f11d2f wp-block-group-is-layout-constrained\" style=\"margin-top:0;margin-bottom:0;padding-top:var(--wp--preset--spacing--xxx-large);padding-right:var(--wp--preset--spacing--medium);padding-bottom:0;padding-left:var(--wp--preset--spacing--medium)\">\n<div class=\"wp-block-columns is-layout-flex wp-container-core-columns-is-layout-28f84493 wp-block-columns-is-layout-flex\">\n<div class=\"wp-block-column is-vertically-aligned-center is-layout-flow wp-block-column-is-layout-flow\">\n<figure class=\"wp-block-image aligncenter size-large\"><img decoding=\"async\" src=\"https:\/\/leii.no\/innhold\/wp-content\/uploads\/2023\/10\/iphone-12-black-1.png\" alt=\"Bilde av telefon med QR-kode for \u00e5 laste ned Leii-appen. \"\/><\/figure>\n<\/div>\n\n\n\n<div class=\"wp-block-column is-layout-flow wp-block-column-is-layout-flow\">\n<h2 class=\"wp-block-heading has-text-align-center has-large-font-size\" id=\"h-last-ned-leii-appen-na\">Last ned Leii-appen n\u00e5!<\/h2>\n\n\n\n<p class=\"has-text-align-center\">Du finner oss i App Store og Google Play<\/p>\n\n\n\n<div class=\"wp-block-columns is-layout-flex wp-container-core-columns-is-layout-28f84493 wp-block-columns-is-layout-flex\">\n<div class=\"wp-block-column is-layout-flow wp-block-column-is-layout-flow\">\n<figure class=\"wp-block-image alignleft size-large is-resized\"><a href=\"https:\/\/apps.apple.com\/no\/app\/leii\/id1617282965\" target=\"_blank\" rel=\"noreferrer noopener\"><img decoding=\"async\" src=\"https:\/\/leii.no\/innhold\/wp-content\/uploads\/2023\/10\/image-11.png\" alt=\"Last ned fra App Store badge\" style=\"aspect-ratio:3.019607843137255;width:148px;height:auto\"\/><\/a><\/figure>\n<\/div>\n\n\n\n<div class=\"wp-block-column is-layout-flow wp-block-column-is-layout-flow\">\n<figure class=\"wp-block-image alignleft size-large is-resized\"><a href=\"https:\/\/play.google.com\/store\/apps\/details?id=no.leii.app&amp;hl=NO\" target=\"_blank\" rel=\"noreferrer noopener\"><img decoding=\"async\" src=\"https:\/\/leii.no\/innhold\/wp-content\/uploads\/2023\/10\/image-12.png\" alt=\"\" style=\"aspect-ratio:2.9056603773584904;width:145px;height:auto\"\/><\/a><\/figure>\n<\/div>\n<\/div>\n<\/div>\n<\/div>\n<\/div>\n","protected":false},"excerpt":{"rendered":"<p>FAQ om Leii FAQ for kunde FAQ for tilbyder Last ned Leii-appen n\u00e5! Du finner oss i App Store og Google Play<\/p>\n","protected":false},"author":2,"featured_media":0,"parent":422,"menu_order":0,"comment_status":"closed","ping_status":"closed","template":"","meta":{"content-type":"","_monsterinsights_skip_tracking":false,"_monsterinsights_sitenote_active":false,"_monsterinsights_sitenote_note":"","_monsterinsights_sitenote_category":0,"footnotes":""},"class_list":["post-451","page","type-page","status-publish","hentry"],"yoast_head":"<!-- This site is optimized with the Yoast SEO Premium plugin v25.8 (Yoast SEO v27.5) - https:\/\/yoast.com\/product\/yoast-seo-premium-wordpress\/ -->\n<title>Kunde - ofte stilte sp\u00f8rsm\u00e5l<\/title>\n<meta name=\"description\" content=\"FAQ om Leii FAQ for kunde FAQ for tilbyder Jeg har ikke alt som st\u00e5r under \u201ckundens sjekkliste\u201d, men \u00f8nsker fortsatt \u00e5 bestille tjenesten. Hva gj\u00f8r jeg?\" \/>\n<meta name=\"robots\" content=\"index, follow, max-snippet:-1, max-image-preview:large, max-video-preview:-1\" \/>\n<link rel=\"canonical\" href=\"https:\/\/leii.no\/innhold\/ofte-stilte-sporsmal\/kunde-ofte-stilte-sporsmal\/\" \/>\n<meta property=\"og:locale\" content=\"nb_NO\" \/>\n<meta property=\"og:type\" content=\"article\" \/>\n<meta property=\"og:title\" content=\"Kunde - ofte stilte sp\u00f8rsm\u00e5l\" \/>\n<meta property=\"og:description\" content=\"FAQ om Leii FAQ for kunde FAQ for tilbyder Jeg har ikke alt som st\u00e5r under \u201ckundens sjekkliste\u201d, men \u00f8nsker fortsatt \u00e5 bestille tjenesten. Hva gj\u00f8r jeg?\" \/>\n<meta property=\"og:url\" content=\"https:\/\/leii.no\/innhold\/ofte-stilte-sporsmal\/kunde-ofte-stilte-sporsmal\/\" \/>\n<meta property=\"article:modified_time\" content=\"2024-04-03T08:00:07+00:00\" \/>\n<meta property=\"og:image\" content=\"https:\/\/leii.no\/innhold\/wp-content\/uploads\/2023\/10\/iphone-12-black-1.png\" \/>\n<meta name=\"twitter:card\" content=\"summary_large_image\" \/>\n<meta name=\"twitter:label1\" content=\"Ansl. lesetid\" \/>\n\t<meta name=\"twitter:data1\" content=\"2 minutter\" \/>\n<script type=\"application\/ld+json\" class=\"yoast-schema-graph\">{\"@context\":\"https:\\\/\\\/schema.org\",\"@graph\":[{\"@type\":[\"WebPage\",\"FAQPage\"],\"@id\":\"https:\\\/\\\/leii.no\\\/innhold\\\/ofte-stilte-sporsmal\\\/kunde-ofte-stilte-sporsmal\\\/\",\"url\":\"https:\\\/\\\/leii.no\\\/innhold\\\/ofte-stilte-sporsmal\\\/kunde-ofte-stilte-sporsmal\\\/\",\"name\":\"Kunde - ofte stilte sp\u00f8rsm\u00e5l\",\"isPartOf\":{\"@id\":\"https:\\\/\\\/leii.no\\\/innhold\\\/#website\"},\"primaryImageOfPage\":{\"@id\":\"https:\\\/\\\/leii.no\\\/innhold\\\/ofte-stilte-sporsmal\\\/kunde-ofte-stilte-sporsmal\\\/#primaryimage\"},\"image\":{\"@id\":\"https:\\\/\\\/leii.no\\\/innhold\\\/ofte-stilte-sporsmal\\\/kunde-ofte-stilte-sporsmal\\\/#primaryimage\"},\"thumbnailUrl\":\"https:\\\/\\\/leii.no\\\/innhold\\\/wp-content\\\/uploads\\\/2023\\\/10\\\/iphone-12-black-1.png\",\"datePublished\":\"2023-10-22T13:43:14+00:00\",\"dateModified\":\"2024-04-03T08:00:07+00:00\",\"description\":\"FAQ om Leii FAQ for kunde FAQ for tilbyder Jeg har ikke alt som st\u00e5r under \u201ckundens sjekkliste\u201d, men \u00f8nsker fortsatt \u00e5 bestille tjenesten. Hva gj\u00f8r jeg?\",\"breadcrumb\":{\"@id\":\"https:\\\/\\\/leii.no\\\/innhold\\\/ofte-stilte-sporsmal\\\/kunde-ofte-stilte-sporsmal\\\/#breadcrumb\"},\"mainEntity\":[{\"@id\":\"https:\\\/\\\/leii.no\\\/innhold\\\/ofte-stilte-sporsmal\\\/kunde-ofte-stilte-sporsmal\\\/#faq-question-1697885877977\"},{\"@id\":\"https:\\\/\\\/leii.no\\\/innhold\\\/ofte-stilte-sporsmal\\\/kunde-ofte-stilte-sporsmal\\\/#faq-question-1697981478383\"},{\"@id\":\"https:\\\/\\\/leii.no\\\/innhold\\\/ofte-stilte-sporsmal\\\/kunde-ofte-stilte-sporsmal\\\/#faq-question-1697981490683\"},{\"@id\":\"https:\\\/\\\/leii.no\\\/innhold\\\/ofte-stilte-sporsmal\\\/kunde-ofte-stilte-sporsmal\\\/#faq-question-1697981663482\"},{\"@id\":\"https:\\\/\\\/leii.no\\\/innhold\\\/ofte-stilte-sporsmal\\\/kunde-ofte-stilte-sporsmal\\\/#faq-question-1697981691566\"}],\"inLanguage\":\"nb-NO\",\"potentialAction\":[{\"@type\":\"ReadAction\",\"target\":[\"https:\\\/\\\/leii.no\\\/innhold\\\/ofte-stilte-sporsmal\\\/kunde-ofte-stilte-sporsmal\\\/\"]}]},{\"@type\":\"ImageObject\",\"inLanguage\":\"nb-NO\",\"@id\":\"https:\\\/\\\/leii.no\\\/innhold\\\/ofte-stilte-sporsmal\\\/kunde-ofte-stilte-sporsmal\\\/#primaryimage\",\"url\":\"https:\\\/\\\/leii.no\\\/innhold\\\/wp-content\\\/uploads\\\/2023\\\/10\\\/iphone-12-black-1.png\",\"contentUrl\":\"https:\\\/\\\/leii.no\\\/innhold\\\/wp-content\\\/uploads\\\/2023\\\/10\\\/iphone-12-black-1.png\",\"width\":281,\"height\":336},{\"@type\":\"BreadcrumbList\",\"@id\":\"https:\\\/\\\/leii.no\\\/innhold\\\/ofte-stilte-sporsmal\\\/kunde-ofte-stilte-sporsmal\\\/#breadcrumb\",\"itemListElement\":[{\"@type\":\"ListItem\",\"position\":1,\"name\":\"Hjem\",\"item\":\"https:\\\/\\\/leii.no\\\/innhold\\\/\"},{\"@type\":\"ListItem\",\"position\":2,\"name\":\"Ofte stilte sp\u00f8rsm\u00e5l om Leii\",\"item\":\"https:\\\/\\\/leii.no\\\/innhold\\\/ofte-stilte-sporsmal\\\/\"},{\"@type\":\"ListItem\",\"position\":3,\"name\":\"Kunde &#8211; ofte stilte sp\u00f8rsm\u00e5l\"}]},{\"@type\":\"WebSite\",\"@id\":\"https:\\\/\\\/leii.no\\\/innhold\\\/#website\",\"url\":\"https:\\\/\\\/leii.no\\\/innhold\\\/\",\"name\":\"Leii\",\"description\":\"Tjenester der du er\",\"publisher\":{\"@id\":\"https:\\\/\\\/leii.no\\\/innhold\\\/#organization\"},\"potentialAction\":[{\"@type\":\"SearchAction\",\"target\":{\"@type\":\"EntryPoint\",\"urlTemplate\":\"https:\\\/\\\/leii.no\\\/innhold\\\/?s={search_term_string}\"},\"query-input\":{\"@type\":\"PropertyValueSpecification\",\"valueRequired\":true,\"valueName\":\"search_term_string\"}}],\"inLanguage\":\"nb-NO\"},{\"@type\":\"Organization\",\"@id\":\"https:\\\/\\\/leii.no\\\/innhold\\\/#organization\",\"name\":\"Leii\",\"url\":\"https:\\\/\\\/leii.no\\\/innhold\\\/\",\"logo\":{\"@type\":\"ImageObject\",\"inLanguage\":\"nb-NO\",\"@id\":\"https:\\\/\\\/leii.no\\\/innhold\\\/#\\\/schema\\\/logo\\\/image\\\/\",\"url\":\"https:\\\/\\\/leii.no\\\/innhold\\\/wp-content\\\/uploads\\\/2023\\\/10\\\/Leii_logo_white.png\",\"contentUrl\":\"https:\\\/\\\/leii.no\\\/innhold\\\/wp-content\\\/uploads\\\/2023\\\/10\\\/Leii_logo_white.png\",\"width\":135,\"height\":82,\"caption\":\"Leii\"},\"image\":{\"@id\":\"https:\\\/\\\/leii.no\\\/innhold\\\/#\\\/schema\\\/logo\\\/image\\\/\"}},{\"@type\":\"Question\",\"@id\":\"https:\\\/\\\/leii.no\\\/innhold\\\/ofte-stilte-sporsmal\\\/kunde-ofte-stilte-sporsmal\\\/#faq-question-1697885877977\",\"position\":1,\"url\":\"https:\\\/\\\/leii.no\\\/innhold\\\/ofte-stilte-sporsmal\\\/kunde-ofte-stilte-sporsmal\\\/#faq-question-1697885877977\",\"name\":\"Jeg har ikke alt som st\u00e5r under \u201ckundens sjekkliste\u201d, men \u00f8nsker fortsatt \u00e5 bestille tjenesten. Hva gj\u00f8r jeg?\",\"answerCount\":1,\"acceptedAnswer\":{\"@type\":\"Answer\",\"text\":\"Send en melding til tilbyder og h\u00f8r om vedkommende har mulighet til \u00e5 stille med dette, eventuelt mot et lite tillegg.\",\"inLanguage\":\"nb-NO\"},\"inLanguage\":\"nb-NO\"},{\"@type\":\"Question\",\"@id\":\"https:\\\/\\\/leii.no\\\/innhold\\\/ofte-stilte-sporsmal\\\/kunde-ofte-stilte-sporsmal\\\/#faq-question-1697981478383\",\"position\":2,\"url\":\"https:\\\/\\\/leii.no\\\/innhold\\\/ofte-stilte-sporsmal\\\/kunde-ofte-stilte-sporsmal\\\/#faq-question-1697981478383\",\"name\":\"Kan jeg snakke med tilbyder f\u00f8r jeg bestiller?\",\"answerCount\":1,\"acceptedAnswer\":{\"@type\":\"Answer\",\"text\":\"Det \u00e5pner seg en chat mellom deg og tilbyder n\u00e5r man sender inn en foresp\u00f8rsel. Her kan du og tilbyderen kommunisere fritt.\",\"inLanguage\":\"nb-NO\"},\"inLanguage\":\"nb-NO\"},{\"@type\":\"Question\",\"@id\":\"https:\\\/\\\/leii.no\\\/innhold\\\/ofte-stilte-sporsmal\\\/kunde-ofte-stilte-sporsmal\\\/#faq-question-1697981490683\",\"position\":3,\"url\":\"https:\\\/\\\/leii.no\\\/innhold\\\/ofte-stilte-sporsmal\\\/kunde-ofte-stilte-sporsmal\\\/#faq-question-1697981490683\",\"name\":\"Hvordan kansellerer jeg en bestilling?\",\"answerCount\":1,\"acceptedAnswer\":{\"@type\":\"Answer\",\"text\":\"For \u00e5 kansellere en bestilling som kunde, g\u00e5r du inn p\u00e5 bestillingene dine og finner knappen \u201cavbestill booking\\\/Cancel booking\u201d. Du kan kansellere n\u00e5r som helst, men for \u00e5 f\u00e5 pengene refundert, m\u00e5 du passe p\u00e5 \u00e5 avbestille 48 timer eller 7 dager f\u00f8r oppdraget avhengig av hvilken kategori tjenesten du har bestilt tilh\u00f8rer.<br\\\/><br\\\/> - 7 dager: DJ, bartender, musiker, kokk, fotograf<br\\\/> - 48 timer: PT, fris\u00f8r, renhold, dyrepass, studiehjelp, muskelterapeut.\",\"inLanguage\":\"nb-NO\"},\"inLanguage\":\"nb-NO\"},{\"@type\":\"Question\",\"@id\":\"https:\\\/\\\/leii.no\\\/innhold\\\/ofte-stilte-sporsmal\\\/kunde-ofte-stilte-sporsmal\\\/#faq-question-1697981663482\",\"position\":4,\"url\":\"https:\\\/\\\/leii.no\\\/innhold\\\/ofte-stilte-sporsmal\\\/kunde-ofte-stilte-sporsmal\\\/#faq-question-1697981663482\",\"name\":\"Jeg \u00f8nsker meg ny funksjonalitet i appen eller p\u00e5 nettsiden. Hvordan kontakter jeg dere ang\u00e5ende dette?\",\"answerCount\":1,\"acceptedAnswer\":{\"@type\":\"Answer\",\"text\":\"Fyll inn kontaktskjemaet her (<a href=\\\"https:\\\/\\\/leii-docs.no\\\/kontakt\\\">https:\\\/\\\/leii-docs.no\\\/kontakt<\\\/a>) s\u00e5 tar vi det med oss n\u00e5r vi utvikler ny funksjonalitet.\",\"inLanguage\":\"nb-NO\"},\"inLanguage\":\"nb-NO\"},{\"@type\":\"Question\",\"@id\":\"https:\\\/\\\/leii.no\\\/innhold\\\/ofte-stilte-sporsmal\\\/kunde-ofte-stilte-sporsmal\\\/#faq-question-1697981691566\",\"position\":5,\"url\":\"https:\\\/\\\/leii.no\\\/innhold\\\/ofte-stilte-sporsmal\\\/kunde-ofte-stilte-sporsmal\\\/#faq-question-1697981691566\",\"name\":\"Hva gj\u00f8r jeg hvis tilbyder ikke m\u00f8ter opp eller ikke leverer den tjenesten vedkommende skulle?\",\"answerCount\":1,\"acceptedAnswer\":{\"@type\":\"Answer\",\"text\":\"Kontakt oss p\u00e5 kundeservice her (<a href=\\\"https:\\\/\\\/leii-docs.no\\\/kontakt\\\">https:\\\/\\\/leii-docs.no\\\/kontakt<\\\/a>) s\u00e5 hjelper vi deg videre.\",\"inLanguage\":\"nb-NO\"},\"inLanguage\":\"nb-NO\"}]}<\/script>\n<!-- \/ Yoast SEO Premium plugin. -->","yoast_head_json":{"title":"Kunde - ofte stilte sp\u00f8rsm\u00e5l","description":"FAQ om Leii FAQ for kunde FAQ for tilbyder Jeg har ikke alt som st\u00e5r under \u201ckundens sjekkliste\u201d, men \u00f8nsker fortsatt \u00e5 bestille tjenesten. Hva gj\u00f8r jeg?","robots":{"index":"index","follow":"follow","max-snippet":"max-snippet:-1","max-image-preview":"max-image-preview:large","max-video-preview":"max-video-preview:-1"},"canonical":"https:\/\/leii.no\/innhold\/ofte-stilte-sporsmal\/kunde-ofte-stilte-sporsmal\/","og_locale":"nb_NO","og_type":"article","og_title":"Kunde - ofte stilte sp\u00f8rsm\u00e5l","og_description":"FAQ om Leii FAQ for kunde FAQ for tilbyder Jeg har ikke alt som st\u00e5r under \u201ckundens sjekkliste\u201d, men \u00f8nsker fortsatt \u00e5 bestille tjenesten. Hva gj\u00f8r jeg?","og_url":"https:\/\/leii.no\/innhold\/ofte-stilte-sporsmal\/kunde-ofte-stilte-sporsmal\/","article_modified_time":"2024-04-03T08:00:07+00:00","og_image":[{"url":"https:\/\/leii.no\/innhold\/wp-content\/uploads\/2023\/10\/iphone-12-black-1.png","type":"","width":"","height":""}],"twitter_card":"summary_large_image","twitter_misc":{"Ansl. lesetid":"2 minutter"},"schema":{"@context":"https:\/\/schema.org","@graph":[{"@type":["WebPage","FAQPage"],"@id":"https:\/\/leii.no\/innhold\/ofte-stilte-sporsmal\/kunde-ofte-stilte-sporsmal\/","url":"https:\/\/leii.no\/innhold\/ofte-stilte-sporsmal\/kunde-ofte-stilte-sporsmal\/","name":"Kunde - ofte stilte sp\u00f8rsm\u00e5l","isPartOf":{"@id":"https:\/\/leii.no\/innhold\/#website"},"primaryImageOfPage":{"@id":"https:\/\/leii.no\/innhold\/ofte-stilte-sporsmal\/kunde-ofte-stilte-sporsmal\/#primaryimage"},"image":{"@id":"https:\/\/leii.no\/innhold\/ofte-stilte-sporsmal\/kunde-ofte-stilte-sporsmal\/#primaryimage"},"thumbnailUrl":"https:\/\/leii.no\/innhold\/wp-content\/uploads\/2023\/10\/iphone-12-black-1.png","datePublished":"2023-10-22T13:43:14+00:00","dateModified":"2024-04-03T08:00:07+00:00","description":"FAQ om Leii FAQ for kunde FAQ for tilbyder Jeg har ikke alt som st\u00e5r under \u201ckundens sjekkliste\u201d, men \u00f8nsker fortsatt \u00e5 bestille tjenesten. Hva gj\u00f8r jeg?","breadcrumb":{"@id":"https:\/\/leii.no\/innhold\/ofte-stilte-sporsmal\/kunde-ofte-stilte-sporsmal\/#breadcrumb"},"mainEntity":[{"@id":"https:\/\/leii.no\/innhold\/ofte-stilte-sporsmal\/kunde-ofte-stilte-sporsmal\/#faq-question-1697885877977"},{"@id":"https:\/\/leii.no\/innhold\/ofte-stilte-sporsmal\/kunde-ofte-stilte-sporsmal\/#faq-question-1697981478383"},{"@id":"https:\/\/leii.no\/innhold\/ofte-stilte-sporsmal\/kunde-ofte-stilte-sporsmal\/#faq-question-1697981490683"},{"@id":"https:\/\/leii.no\/innhold\/ofte-stilte-sporsmal\/kunde-ofte-stilte-sporsmal\/#faq-question-1697981663482"},{"@id":"https:\/\/leii.no\/innhold\/ofte-stilte-sporsmal\/kunde-ofte-stilte-sporsmal\/#faq-question-1697981691566"}],"inLanguage":"nb-NO","potentialAction":[{"@type":"ReadAction","target":["https:\/\/leii.no\/innhold\/ofte-stilte-sporsmal\/kunde-ofte-stilte-sporsmal\/"]}]},{"@type":"ImageObject","inLanguage":"nb-NO","@id":"https:\/\/leii.no\/innhold\/ofte-stilte-sporsmal\/kunde-ofte-stilte-sporsmal\/#primaryimage","url":"https:\/\/leii.no\/innhold\/wp-content\/uploads\/2023\/10\/iphone-12-black-1.png","contentUrl":"https:\/\/leii.no\/innhold\/wp-content\/uploads\/2023\/10\/iphone-12-black-1.png","width":281,"height":336},{"@type":"BreadcrumbList","@id":"https:\/\/leii.no\/innhold\/ofte-stilte-sporsmal\/kunde-ofte-stilte-sporsmal\/#breadcrumb","itemListElement":[{"@type":"ListItem","position":1,"name":"Hjem","item":"https:\/\/leii.no\/innhold\/"},{"@type":"ListItem","position":2,"name":"Ofte stilte sp\u00f8rsm\u00e5l om Leii","item":"https:\/\/leii.no\/innhold\/ofte-stilte-sporsmal\/"},{"@type":"ListItem","position":3,"name":"Kunde &#8211; ofte stilte sp\u00f8rsm\u00e5l"}]},{"@type":"WebSite","@id":"https:\/\/leii.no\/innhold\/#website","url":"https:\/\/leii.no\/innhold\/","name":"Leii","description":"Tjenester der du er","publisher":{"@id":"https:\/\/leii.no\/innhold\/#organization"},"potentialAction":[{"@type":"SearchAction","target":{"@type":"EntryPoint","urlTemplate":"https:\/\/leii.no\/innhold\/?s={search_term_string}"},"query-input":{"@type":"PropertyValueSpecification","valueRequired":true,"valueName":"search_term_string"}}],"inLanguage":"nb-NO"},{"@type":"Organization","@id":"https:\/\/leii.no\/innhold\/#organization","name":"Leii","url":"https:\/\/leii.no\/innhold\/","logo":{"@type":"ImageObject","inLanguage":"nb-NO","@id":"https:\/\/leii.no\/innhold\/#\/schema\/logo\/image\/","url":"https:\/\/leii.no\/innhold\/wp-content\/uploads\/2023\/10\/Leii_logo_white.png","contentUrl":"https:\/\/leii.no\/innhold\/wp-content\/uploads\/2023\/10\/Leii_logo_white.png","width":135,"height":82,"caption":"Leii"},"image":{"@id":"https:\/\/leii.no\/innhold\/#\/schema\/logo\/image\/"}},{"@type":"Question","@id":"https:\/\/leii.no\/innhold\/ofte-stilte-sporsmal\/kunde-ofte-stilte-sporsmal\/#faq-question-1697885877977","position":1,"url":"https:\/\/leii.no\/innhold\/ofte-stilte-sporsmal\/kunde-ofte-stilte-sporsmal\/#faq-question-1697885877977","name":"Jeg har ikke alt som st\u00e5r under \u201ckundens sjekkliste\u201d, men \u00f8nsker fortsatt \u00e5 bestille tjenesten. Hva gj\u00f8r jeg?","answerCount":1,"acceptedAnswer":{"@type":"Answer","text":"Send en melding til tilbyder og h\u00f8r om vedkommende har mulighet til \u00e5 stille med dette, eventuelt mot et lite tillegg.","inLanguage":"nb-NO"},"inLanguage":"nb-NO"},{"@type":"Question","@id":"https:\/\/leii.no\/innhold\/ofte-stilte-sporsmal\/kunde-ofte-stilte-sporsmal\/#faq-question-1697981478383","position":2,"url":"https:\/\/leii.no\/innhold\/ofte-stilte-sporsmal\/kunde-ofte-stilte-sporsmal\/#faq-question-1697981478383","name":"Kan jeg snakke med tilbyder f\u00f8r jeg bestiller?","answerCount":1,"acceptedAnswer":{"@type":"Answer","text":"Det \u00e5pner seg en chat mellom deg og tilbyder n\u00e5r man sender inn en foresp\u00f8rsel. Her kan du og tilbyderen kommunisere fritt.","inLanguage":"nb-NO"},"inLanguage":"nb-NO"},{"@type":"Question","@id":"https:\/\/leii.no\/innhold\/ofte-stilte-sporsmal\/kunde-ofte-stilte-sporsmal\/#faq-question-1697981490683","position":3,"url":"https:\/\/leii.no\/innhold\/ofte-stilte-sporsmal\/kunde-ofte-stilte-sporsmal\/#faq-question-1697981490683","name":"Hvordan kansellerer jeg en bestilling?","answerCount":1,"acceptedAnswer":{"@type":"Answer","text":"For \u00e5 kansellere en bestilling som kunde, g\u00e5r du inn p\u00e5 bestillingene dine og finner knappen \u201cavbestill booking\/Cancel booking\u201d. Du kan kansellere n\u00e5r som helst, men for \u00e5 f\u00e5 pengene refundert, m\u00e5 du passe p\u00e5 \u00e5 avbestille 48 timer eller 7 dager f\u00f8r oppdraget avhengig av hvilken kategori tjenesten du har bestilt tilh\u00f8rer.<br\/><br\/> - 7 dager: DJ, bartender, musiker, kokk, fotograf<br\/> - 48 timer: PT, fris\u00f8r, renhold, dyrepass, studiehjelp, muskelterapeut.","inLanguage":"nb-NO"},"inLanguage":"nb-NO"},{"@type":"Question","@id":"https:\/\/leii.no\/innhold\/ofte-stilte-sporsmal\/kunde-ofte-stilte-sporsmal\/#faq-question-1697981663482","position":4,"url":"https:\/\/leii.no\/innhold\/ofte-stilte-sporsmal\/kunde-ofte-stilte-sporsmal\/#faq-question-1697981663482","name":"Jeg \u00f8nsker meg ny funksjonalitet i appen eller p\u00e5 nettsiden. Hvordan kontakter jeg dere ang\u00e5ende dette?","answerCount":1,"acceptedAnswer":{"@type":"Answer","text":"Fyll inn kontaktskjemaet her (<a href=\"https:\/\/leii-docs.no\/kontakt\">https:\/\/leii-docs.no\/kontakt<\/a>) s\u00e5 tar vi det med oss n\u00e5r vi utvikler ny funksjonalitet.","inLanguage":"nb-NO"},"inLanguage":"nb-NO"},{"@type":"Question","@id":"https:\/\/leii.no\/innhold\/ofte-stilte-sporsmal\/kunde-ofte-stilte-sporsmal\/#faq-question-1697981691566","position":5,"url":"https:\/\/leii.no\/innhold\/ofte-stilte-sporsmal\/kunde-ofte-stilte-sporsmal\/#faq-question-1697981691566","name":"Hva gj\u00f8r jeg hvis tilbyder ikke m\u00f8ter opp eller ikke leverer den tjenesten vedkommende skulle?","answerCount":1,"acceptedAnswer":{"@type":"Answer","text":"Kontakt oss p\u00e5 kundeservice her (<a href=\"https:\/\/leii-docs.no\/kontakt\">https:\/\/leii-docs.no\/kontakt<\/a>) s\u00e5 hjelper vi deg videre.","inLanguage":"nb-NO"},"inLanguage":"nb-NO"}]}},"_links":{"self":[{"href":"https:\/\/leii.no\/innhold\/wp-json\/wp\/v2\/pages\/451","targetHints":{"allow":["GET"]}}],"collection":[{"href":"https:\/\/leii.no\/innhold\/wp-json\/wp\/v2\/pages"}],"about":[{"href":"https:\/\/leii.no\/innhold\/wp-json\/wp\/v2\/types\/page"}],"author":[{"embeddable":true,"href":"https:\/\/leii.no\/innhold\/wp-json\/wp\/v2\/users\/2"}],"replies":[{"embeddable":true,"href":"https:\/\/leii.no\/innhold\/wp-json\/wp\/v2\/comments?post=451"}],"version-history":[{"count":12,"href":"https:\/\/leii.no\/innhold\/wp-json\/wp\/v2\/pages\/451\/revisions"}],"predecessor-version":[{"id":959,"href":"https:\/\/leii.no\/innhold\/wp-json\/wp\/v2\/pages\/451\/revisions\/959"}],"up":[{"embeddable":true,"href":"https:\/\/leii.no\/innhold\/wp-json\/wp\/v2\/pages\/422"}],"wp:attachment":[{"href":"https:\/\/leii.no\/innhold\/wp-json\/wp\/v2\/media?parent=451"}],"curies":[{"name":"wp","href":"https:\/\/api.w.org\/{rel}","templated":true}]}}