{"id":491,"date":"2023-10-22T17:02:50","date_gmt":"2023-10-22T15:02:50","guid":{"rendered":"https:\/\/leii.no\/content\/?page_id=491"},"modified":"2026-02-02T12:00:36","modified_gmt":"2026-02-02T11:00:36","slug":"kontakt-oss","status":"publish","type":"page","link":"https:\/\/leii.no\/innhold\/kontakt-oss\/","title":{"rendered":"Kontakt oss"},"content":{"rendered":"\n<div class=\"wp-block-group alignfull has-tertiary-background-color has-background has-global-padding is-layout-constrained wp-block-group-is-layout-constrained\">\n<div class=\"wp-block-group alignfull has-tertiary-background-color has-background has-global-padding is-layout-constrained wp-container-core-group-is-layout-d6f11d2f wp-block-group-is-layout-constrained\" style=\"margin-top:0;margin-bottom:0;padding-top:var(--wp--preset--spacing--xxx-large);padding-right:var(--wp--preset--spacing--medium);padding-bottom:0;padding-left:var(--wp--preset--spacing--medium)\">\n<div class=\"wp-block-columns alignwide are-vertically-aligned-top is-layout-flex wp-container-core-columns-is-layout-010e51cd wp-block-columns-is-layout-flex\">\n<div class=\"wp-block-column is-vertically-aligned-top is-layout-flow wp-container-core-column-is-layout-c7b3064f wp-block-column-is-layout-flow\">\n<div class=\"wp-block-group is-layout-flow wp-block-group-is-layout-flow\">\n<div class=\"wp-block-group has-global-padding is-layout-constrained wp-container-core-group-is-layout-f5f3bcb8 wp-block-group-is-layout-constrained\">\n<h2 class=\"wp-block-heading\" id=\"h-trenger-du-hjelp\">Trenger du hjelp?<\/h2>\n\n\n\n<div style=\"height:18px\" aria-hidden=\"true\" class=\"wp-block-spacer\"><\/div>\n\n\n\n<p><strong>Har du en aktiv foresp\u00f8rsel eller bestilling?<\/strong><\/p>\n\n\n\n<p>\ud83d\udcac Det er som regel raskest og enklest \u00e5 kontakte leverand\u00f8ren direkte via chatten:<\/p>\n\n\n\n<ul class=\"wp-block-list\">\n<li><a href=\"https:\/\/leii.no\/konto\/bestillinger?tab=upcoming\">Chat med tilbyder<\/a><\/li>\n<\/ul>\n\n\n\n<div style=\"height:18px\" aria-hidden=\"true\" class=\"wp-block-spacer\"><\/div>\n\n\n\n<p><strong>Vanlige sp\u00f8rsm\u00e5l<\/strong><\/p>\n\n\n\n<p>\u2753Du er ikke alene \u2013 mange lurer p\u00e5 det samme.<\/p>\n\n\n\n<p>Se gjennom v\u00e5re <a href=\"https:\/\/leii.no\/innhold\/hjelpesenter\/\">vanlige sp\u00f8rsm\u00e5l og svar<\/a> f\u00f8r du tar kontakt.<\/p>\n\n\n\n<div style=\"height:18px\" aria-hidden=\"true\" class=\"wp-block-spacer\"><\/div>\n\n\n\n<p><strong>Fortsatt behov for hjelp?<\/strong><\/p>\n\n\n\n<ul class=\"wp-block-list\">\n<li>Kunder: <mark style=\"background-color:rgba(0, 0, 0, 0)\" class=\"has-inline-color has-custom-purple-dark-color\">kundeservice@leii.no<\/mark><\/li>\n<\/ul>\n\n\n\n<div style=\"height:18px\" aria-hidden=\"true\" class=\"wp-block-spacer\"><\/div>\n\n\n\n<p>\u00c5pningstider: Man-fre 08:00 &#8211; 16:00<\/p>\n\n\n\n<hr class=\"wp-block-separator has-text-color has-main-accent-color has-alpha-channel-opacity has-main-accent-background-color has-background is-style-separator-thin\" style=\"margin-top:var(--wp--preset--spacing--small);margin-bottom:var(--wp--preset--spacing--small)\"\/>\n<\/div>\n<\/div>\n<\/div>\n\n\n\n<div class=\"wp-block-column is-vertically-aligned-top has-main-background-color has-background is-layout-flow wp-container-core-column-is-layout-c7b3064f wp-block-column-is-layout-flow\">\n<div class=\"wp-block-group alignwide has-primary-background-color has-background has-global-padding is-layout-constrained wp-container-core-group-is-layout-e195f10e wp-block-group-is-layout-constrained\" style=\"border-radius:5px;padding-top:var(--wp--preset--spacing--x-large);padding-right:var(--wp--preset--spacing--x-large);padding-bottom:var(--wp--preset--spacing--x-large);padding-left:var(--wp--preset--spacing--x-large)\">\n<h3 class=\"wp-block-heading has-base-color has-text-color has-medium-font-size\" id=\"h-send-henvendelse\">Send henvendelse<\/h3>\n\n\n\n<p class=\"has-main-accent-background-color has-background has-x-small-font-size\" style=\"border-top-left-radius:10px;border-top-right-radius:10px;border-bottom-left-radius:10px;border-bottom-right-radius:10px\">OBS: Dette skjemaet er kun for support. \u00d8nsker du tilbud p\u00e5 et oppdrag, <a href=\"https:\/\/leii.no\/foresporsel?\" type=\"link\" id=\"https:\/\/leii.no\/foresporsel?\">klikk her for riktigt skjema<\/a><br><br>Felter markert med * er obligatoriske<\/p>\n\n\n\n<div class=\"wp-block-group has-global-padding is-layout-constrained wp-block-group-is-layout-constrained\">\n<hr class=\"wp-block-separator has-text-color has-primary-accent-color has-alpha-channel-opacity has-primary-accent-background-color has-background is-style-separator-dotted\"\/>\n\n\n\n<div class=\"wp-block-group has-global-padding is-layout-constrained wp-container-core-group-is-layout-19e250f3 wp-block-group-is-layout-constrained\">\n<div class=\"wp-block-leadin-hubspot-form-block\">\n\t\t\t\t\t\t<script>\n\t\t\t\t\t\t\twindow.hsFormsOnReady = window.hsFormsOnReady || [];\n\t\t\t\t\t\t\twindow.hsFormsOnReady.push(()=>{\n\t\t\t\t\t\t\t\thbspt.forms.create({\n\t\t\t\t\t\t\t\t\tportalId: 25696184,\n\t\t\t\t\t\t\t\t\tformId: \"79092ef9-b286-47f9-95c3-2ed93cb5fd74\",\n\t\t\t\t\t\t\t\t\ttarget: \"#hbspt-form-1776732276000-4581196553\",\n\t\t\t\t\t\t\t\t\tregion: \"eu1\",\n\t\t\t\t\t\t\t\t\t\n\t\t\t\t\t\t\t})});\n\t\t\t\t\t\t<\/script>\n\t\t\t\t\t\t<div class=\"hbspt-form\" id=\"hbspt-form-1776732276000-4581196553\"><\/div><\/div>\n<\/div>\n<\/div>\n<\/div>\n<\/div>\n<\/div>\n\n\n\n<hr class=\"wp-block-separator has-alpha-channel-opacity is-style-separator-thin\" style=\"margin-top:var(--wp--preset--spacing--x-large);margin-bottom:var(--wp--preset--spacing--x-large)\"\/>\n<\/div>\n\n\n\n<div class=\"wp-block-group alignfull has-main-accent-background-color has-background has-global-padding is-layout-constrained wp-container-core-group-is-layout-961aee32 wp-block-group-is-layout-constrained\" style=\"border-radius:5px;padding-top:var(--wp--preset--spacing--x-large);padding-right:var(--wp--preset--spacing--large);padding-bottom:var(--wp--preset--spacing--large);padding-left:var(--wp--preset--spacing--large)\">\n<div class=\"wp-block-group is-content-justification-space-between is-layout-flex wp-container-core-group-is-layout-9366075c wp-block-group-is-layout-flex\">\n<h4 class=\"wp-block-heading has-main-color has-text-color\">Meld deg p\u00e5 nyhetsbrev!<\/h4>\n<\/div>\n\n\n\n<p class=\"has-x-small-font-size\">Felter markert med * er obligatoriske<\/p>\n\n\n\n<div class=\"wp-block-group has-global-padding is-layout-constrained wp-block-group-is-layout-constrained\">\n<hr class=\"wp-block-separator has-text-color has-primary-accent-color has-alpha-channel-opacity has-primary-accent-background-color has-background is-style-separator-dotted\"\/>\n\n\n\n<div class=\"wp-block-group has-global-padding is-layout-constrained wp-container-core-group-is-layout-19e250f3 wp-block-group-is-layout-constrained\">\n<div class=\"wp-block-leadin-hubspot-form-block\">\n\t\t\t\t\t\t<script>\n\t\t\t\t\t\t\twindow.hsFormsOnReady = window.hsFormsOnReady || [];\n\t\t\t\t\t\t\twindow.hsFormsOnReady.push(()=>{\n\t\t\t\t\t\t\t\thbspt.forms.create({\n\t\t\t\t\t\t\t\t\tportalId: 25696184,\n\t\t\t\t\t\t\t\t\tformId: \"4d821d76-7db9-4f8b-8179-6215c37cfbab\",\n\t\t\t\t\t\t\t\t\ttarget: \"#hbspt-form-1776732276000-0507622253\",\n\t\t\t\t\t\t\t\t\tregion: \"eu1\",\n\t\t\t\t\t\t\t\t\t\n\t\t\t\t\t\t\t})});\n\t\t\t\t\t\t<\/script>\n\t\t\t\t\t\t<div class=\"hbspt-form\" id=\"hbspt-form-1776732276000-0507622253\"><\/div><\/div>\n<\/div>\n<\/div>\n<\/div>\n<\/div>\n","protected":false},"excerpt":{"rendered":"<p>Trenger du hjelp? Har du en aktiv foresp\u00f8rsel eller bestilling? \ud83d\udcac Det er som regel raskest og enklest \u00e5 kontakte leverand\u00f8ren direkte via chatten: Vanlige sp\u00f8rsm\u00e5l \u2753Du er ikke alene \u2013 mange lurer p\u00e5 det samme. Se gjennom v\u00e5re vanlige sp\u00f8rsm\u00e5l og svar f\u00f8r du tar kontakt. Fortsatt behov for hjelp? \u00c5pningstider: Man-fre 08:00 &#8211; [&hellip;]<\/p>\n","protected":false},"author":2,"featured_media":0,"parent":0,"menu_order":0,"comment_status":"closed","ping_status":"closed","template":"page-no-title","meta":{"content-type":"","_monsterinsights_skip_tracking":false,"_monsterinsights_sitenote_active":false,"_monsterinsights_sitenote_note":"","_monsterinsights_sitenote_category":0,"footnotes":""},"class_list":["post-491","page","type-page","status-publish","hentry"],"yoast_head":"<!-- This site is optimized with the Yoast SEO Premium plugin v25.8 (Yoast SEO v27.4) - https:\/\/yoast.com\/product\/yoast-seo-premium-wordpress\/ -->\n<title>Kontakt oss<\/title>\n<meta name=\"description\" content=\"Vi elsker tilbakemeldinger, b\u00e5de ris og ros. Ta kontakt med oss ved \u00e5 fylle ut skjemaet her. Haster det? Ta kontakt p\u00e5 telefon +47 41 27 66 66. Du kan ogs\u00e5 n\u00e5 oss p\u00e5 post@leii.no.\" \/>\n<meta name=\"robots\" content=\"index, follow, max-snippet:-1, max-image-preview:large, max-video-preview:-1\" \/>\n<link rel=\"canonical\" href=\"https:\/\/leii.no\/innhold\/kontakt-oss\/\" \/>\n<meta property=\"og:locale\" content=\"nb_NO\" \/>\n<meta property=\"og:type\" content=\"article\" \/>\n<meta property=\"og:title\" content=\"Kontakt oss\" \/>\n<meta property=\"og:description\" content=\"Vi elsker tilbakemeldinger, b\u00e5de ris og ros. Ta kontakt med oss ved \u00e5 fylle ut skjemaet her. Haster det? Ta kontakt p\u00e5 telefon +47 41 27 66 66. Du kan ogs\u00e5 n\u00e5 oss p\u00e5 post@leii.no.\" \/>\n<meta property=\"og:url\" content=\"https:\/\/leii.no\/innhold\/kontakt-oss\/\" \/>\n<meta property=\"article:modified_time\" content=\"2026-02-02T11:00:36+00:00\" \/>\n<meta property=\"og:image\" content=\"https:\/\/leii.no\/innhold\/wp-content\/uploads\/2023\/10\/Leii_tjenester_der_du_er.png\" \/>\n\t<meta property=\"og:image:width\" content=\"1200\" \/>\n\t<meta property=\"og:image:height\" content=\"675\" \/>\n\t<meta property=\"og:image:type\" content=\"image\/png\" \/>\n<meta name=\"twitter:card\" content=\"summary_large_image\" \/>\n<meta name=\"twitter:label1\" content=\"Ansl. lesetid\" \/>\n\t<meta name=\"twitter:data1\" content=\"1 minutt\" \/>\n<script type=\"application\/ld+json\" class=\"yoast-schema-graph\">{\"@context\":\"https:\\\/\\\/schema.org\",\"@graph\":[{\"@type\":\"WebPage\",\"@id\":\"https:\\\/\\\/leii.no\\\/innhold\\\/kontakt-oss\\\/\",\"url\":\"https:\\\/\\\/leii.no\\\/innhold\\\/kontakt-oss\\\/\",\"name\":\"Kontakt oss\",\"isPartOf\":{\"@id\":\"https:\\\/\\\/leii.no\\\/innhold\\\/#website\"},\"datePublished\":\"2023-10-22T15:02:50+00:00\",\"dateModified\":\"2026-02-02T11:00:36+00:00\",\"description\":\"Vi elsker tilbakemeldinger, b\u00e5de ris og ros. Ta kontakt med oss ved \u00e5 fylle ut skjemaet her. Haster det? Ta kontakt p\u00e5 telefon +47 41 27 66 66. Du kan ogs\u00e5 n\u00e5 oss p\u00e5 post@leii.no.\",\"breadcrumb\":{\"@id\":\"https:\\\/\\\/leii.no\\\/innhold\\\/kontakt-oss\\\/#breadcrumb\"},\"inLanguage\":\"nb-NO\",\"potentialAction\":[{\"@type\":\"ReadAction\",\"target\":[\"https:\\\/\\\/leii.no\\\/innhold\\\/kontakt-oss\\\/\"]}]},{\"@type\":\"BreadcrumbList\",\"@id\":\"https:\\\/\\\/leii.no\\\/innhold\\\/kontakt-oss\\\/#breadcrumb\",\"itemListElement\":[{\"@type\":\"ListItem\",\"position\":1,\"name\":\"Hjem\",\"item\":\"https:\\\/\\\/leii.no\\\/innhold\\\/\"},{\"@type\":\"ListItem\",\"position\":2,\"name\":\"Kontakt oss\"}]},{\"@type\":\"WebSite\",\"@id\":\"https:\\\/\\\/leii.no\\\/innhold\\\/#website\",\"url\":\"https:\\\/\\\/leii.no\\\/innhold\\\/\",\"name\":\"Leii\",\"description\":\"Tjenester der du er\",\"publisher\":{\"@id\":\"https:\\\/\\\/leii.no\\\/innhold\\\/#organization\"},\"potentialAction\":[{\"@type\":\"SearchAction\",\"target\":{\"@type\":\"EntryPoint\",\"urlTemplate\":\"https:\\\/\\\/leii.no\\\/innhold\\\/?s={search_term_string}\"},\"query-input\":{\"@type\":\"PropertyValueSpecification\",\"valueRequired\":true,\"valueName\":\"search_term_string\"}}],\"inLanguage\":\"nb-NO\"},{\"@type\":\"Organization\",\"@id\":\"https:\\\/\\\/leii.no\\\/innhold\\\/#organization\",\"name\":\"Leii\",\"url\":\"https:\\\/\\\/leii.no\\\/innhold\\\/\",\"logo\":{\"@type\":\"ImageObject\",\"inLanguage\":\"nb-NO\",\"@id\":\"https:\\\/\\\/leii.no\\\/innhold\\\/#\\\/schema\\\/logo\\\/image\\\/\",\"url\":\"https:\\\/\\\/leii.no\\\/innhold\\\/wp-content\\\/uploads\\\/2023\\\/10\\\/Leii_logo_white.png\",\"contentUrl\":\"https:\\\/\\\/leii.no\\\/innhold\\\/wp-content\\\/uploads\\\/2023\\\/10\\\/Leii_logo_white.png\",\"width\":135,\"height\":82,\"caption\":\"Leii\"},\"image\":{\"@id\":\"https:\\\/\\\/leii.no\\\/innhold\\\/#\\\/schema\\\/logo\\\/image\\\/\"}}]}<\/script>\n<!-- \/ Yoast SEO Premium plugin. -->","yoast_head_json":{"title":"Kontakt oss","description":"Vi elsker tilbakemeldinger, b\u00e5de ris og ros. Ta kontakt med oss ved \u00e5 fylle ut skjemaet her. Haster det? Ta kontakt p\u00e5 telefon +47 41 27 66 66. Du kan ogs\u00e5 n\u00e5 oss p\u00e5 post@leii.no.","robots":{"index":"index","follow":"follow","max-snippet":"max-snippet:-1","max-image-preview":"max-image-preview:large","max-video-preview":"max-video-preview:-1"},"canonical":"https:\/\/leii.no\/innhold\/kontakt-oss\/","og_locale":"nb_NO","og_type":"article","og_title":"Kontakt oss","og_description":"Vi elsker tilbakemeldinger, b\u00e5de ris og ros. Ta kontakt med oss ved \u00e5 fylle ut skjemaet her. Haster det? Ta kontakt p\u00e5 telefon +47 41 27 66 66. Du kan ogs\u00e5 n\u00e5 oss p\u00e5 post@leii.no.","og_url":"https:\/\/leii.no\/innhold\/kontakt-oss\/","article_modified_time":"2026-02-02T11:00:36+00:00","og_image":[{"width":1200,"height":675,"url":"https:\/\/leii.no\/innhold\/wp-content\/uploads\/2023\/10\/Leii_tjenester_der_du_er.png","type":"image\/png"}],"twitter_card":"summary_large_image","twitter_misc":{"Ansl. lesetid":"1 minutt"},"schema":{"@context":"https:\/\/schema.org","@graph":[{"@type":"WebPage","@id":"https:\/\/leii.no\/innhold\/kontakt-oss\/","url":"https:\/\/leii.no\/innhold\/kontakt-oss\/","name":"Kontakt oss","isPartOf":{"@id":"https:\/\/leii.no\/innhold\/#website"},"datePublished":"2023-10-22T15:02:50+00:00","dateModified":"2026-02-02T11:00:36+00:00","description":"Vi elsker tilbakemeldinger, b\u00e5de ris og ros. Ta kontakt med oss ved \u00e5 fylle ut skjemaet her. Haster det? Ta kontakt p\u00e5 telefon +47 41 27 66 66. Du kan ogs\u00e5 n\u00e5 oss p\u00e5 post@leii.no.","breadcrumb":{"@id":"https:\/\/leii.no\/innhold\/kontakt-oss\/#breadcrumb"},"inLanguage":"nb-NO","potentialAction":[{"@type":"ReadAction","target":["https:\/\/leii.no\/innhold\/kontakt-oss\/"]}]},{"@type":"BreadcrumbList","@id":"https:\/\/leii.no\/innhold\/kontakt-oss\/#breadcrumb","itemListElement":[{"@type":"ListItem","position":1,"name":"Hjem","item":"https:\/\/leii.no\/innhold\/"},{"@type":"ListItem","position":2,"name":"Kontakt oss"}]},{"@type":"WebSite","@id":"https:\/\/leii.no\/innhold\/#website","url":"https:\/\/leii.no\/innhold\/","name":"Leii","description":"Tjenester der du er","publisher":{"@id":"https:\/\/leii.no\/innhold\/#organization"},"potentialAction":[{"@type":"SearchAction","target":{"@type":"EntryPoint","urlTemplate":"https:\/\/leii.no\/innhold\/?s={search_term_string}"},"query-input":{"@type":"PropertyValueSpecification","valueRequired":true,"valueName":"search_term_string"}}],"inLanguage":"nb-NO"},{"@type":"Organization","@id":"https:\/\/leii.no\/innhold\/#organization","name":"Leii","url":"https:\/\/leii.no\/innhold\/","logo":{"@type":"ImageObject","inLanguage":"nb-NO","@id":"https:\/\/leii.no\/innhold\/#\/schema\/logo\/image\/","url":"https:\/\/leii.no\/innhold\/wp-content\/uploads\/2023\/10\/Leii_logo_white.png","contentUrl":"https:\/\/leii.no\/innhold\/wp-content\/uploads\/2023\/10\/Leii_logo_white.png","width":135,"height":82,"caption":"Leii"},"image":{"@id":"https:\/\/leii.no\/innhold\/#\/schema\/logo\/image\/"}}]}},"_links":{"self":[{"href":"https:\/\/leii.no\/innhold\/wp-json\/wp\/v2\/pages\/491","targetHints":{"allow":["GET"]}}],"collection":[{"href":"https:\/\/leii.no\/innhold\/wp-json\/wp\/v2\/pages"}],"about":[{"href":"https:\/\/leii.no\/innhold\/wp-json\/wp\/v2\/types\/page"}],"author":[{"embeddable":true,"href":"https:\/\/leii.no\/innhold\/wp-json\/wp\/v2\/users\/2"}],"replies":[{"embeddable":true,"href":"https:\/\/leii.no\/innhold\/wp-json\/wp\/v2\/comments?post=491"}],"version-history":[{"count":45,"href":"https:\/\/leii.no\/innhold\/wp-json\/wp\/v2\/pages\/491\/revisions"}],"predecessor-version":[{"id":1307,"href":"https:\/\/leii.no\/innhold\/wp-json\/wp\/v2\/pages\/491\/revisions\/1307"}],"wp:attachment":[{"href":"https:\/\/leii.no\/innhold\/wp-json\/wp\/v2\/media?parent=491"}],"curies":[{"name":"wp","href":"https:\/\/api.w.org\/{rel}","templated":true}]}}