{"id":686,"date":"2023-11-14T13:48:48","date_gmt":"2023-11-14T12:48:48","guid":{"rendered":"https:\/\/leii.no\/content\/?page_id=686"},"modified":"2024-04-03T11:07:26","modified_gmt":"2024-04-03T09:07:26","slug":"julebord","status":"publish","type":"page","link":"https:\/\/leii.no\/innhold\/inspirasjon-2\/julebord\/","title":{"rendered":"Julebord"},"content":{"rendered":"\n<div class=\"wp-block-cover alignfull is-style-blur-image is-style-blur-image-less\" style=\"margin-top:0;margin-bottom:0;padding-top:0;padding-right:0;padding-bottom:0;padding-left:0\"><span aria-hidden=\"true\" class=\"wp-block-cover__background has-main-background-color has-background-dim-80 has-background-dim\"><\/span><img decoding=\"async\" class=\"wp-block-cover__image-background wp-image-73\" alt=\"\" src=\"https:\/\/leii.no\/innhold\/wp-content\/themes\/ollie\/patterns\/images\/rocket.webp\" data-object-fit=\"cover\"\/><div class=\"wp-block-cover__inner-container is-layout-flow wp-block-cover-is-layout-flow\">\n<div class=\"wp-block-group alignfull has-base-color has-text-color has-global-padding is-layout-constrained wp-container-core-group-is-layout-8418baf4 wp-block-group-is-layout-constrained\" style=\"margin-top:0px;margin-bottom:0px;padding-top:var(--wp--preset--spacing--xxxx-large);padding-right:var(--wp--preset--spacing--medium);padding-bottom:var(--wp--preset--spacing--xxxx-large);padding-left:var(--wp--preset--spacing--medium)\">\n<div class=\"wp-block-group is-layout-flow wp-block-group-is-layout-flow\">\n<div class=\"wp-block-group has-global-padding is-layout-constrained wp-container-core-group-is-layout-f5f3bcb8 wp-block-group-is-layout-constrained\">\n<h1 class=\"wp-block-heading has-text-align-center has-main-accent-color has-text-color has-small-font-size\" id=\"h-julebord\">Julebord<\/h1>\n\n\n\n<h1 class=\"wp-block-heading has-text-align-center has-secondary-font-family has-xxx-large-font-size\">Gj\u00f8r det lille ekstra ut av julebordet \ud83c\udf84<\/h1>\n<\/div>\n\n\n\n<p class=\"has-text-align-center has-main-accent-color has-text-color\">Leii tilbyr tjenester som kan hjelpe deg med \u00e5 f\u00e5 et uforglemmelig julebord, enten det er med vennegjengen eller jobb. <\/p>\n<\/div>\n<\/div>\n<\/div><\/div>\n\n\n\n<div class=\"wp-block-group alignfull feature-boxes has-global-padding is-layout-constrained wp-container-core-group-is-layout-b410ab56 wp-block-group-is-layout-constrained\" style=\"margin-top:0px;padding-top:var(--wp--preset--spacing--large);padding-right:var(--wp--preset--spacing--medium);padding-bottom:var(--wp--preset--spacing--large);padding-left:var(--wp--preset--spacing--medium)\">\n<div class=\"wp-block-group alignwide is-vertical is-layout-flex wp-container-core-group-is-layout-c5442126 wp-block-group-is-layout-flex\">\n<div class=\"wp-block-columns alignwide is-layout-flex wp-container-core-columns-is-layout-9dcac5f8 wp-block-columns-is-layout-flex\" style=\"margin-top:0px;margin-bottom:0px\">\n<div class=\"wp-block-column is-style-column-box-shadow has-border-color is-layout-flow wp-container-core-column-is-layout-817d90dd wp-block-column-is-layout-flow\" style=\"border-color:#e3e3ea;border-width:1px;padding-top:var(--wp--preset--spacing--medium);padding-right:var(--wp--preset--spacing--medium);padding-bottom:var(--wp--preset--spacing--medium);padding-left:var(--wp--preset--spacing--medium)\">\n<div class=\"wp-block-group has-global-padding is-layout-constrained wp-container-core-group-is-layout-f5f3bcb8 wp-block-group-is-layout-constrained\">\n<p class=\"has-primary-color has-text-color has-medium-font-size\">\ud83e\uddd1\u200d\ud83c\udf73<\/p>\n\n\n\n<h3 class=\"wp-block-heading has-base-font-size\" id=\"h-kokk-og-bartender\">Kokk og bartender<\/h3>\n\n\n\n<p class=\"has-small-font-size\">Uansett om dere vil ha pinnekj\u00f8tt, ribbe eller flere retter har vi kokker som vil lage et fantastisk m\u00e5ltid. Legg til en bartender s\u00e5 har du det perfekte julebordet. <\/p>\n<\/div>\n\n\n\n<div class=\"wp-block-buttons is-layout-flex wp-block-buttons-is-layout-flex\">\n<div class=\"wp-block-button has-custom-width wp-block-button__width-100 has-custom-font-size is-style-fill has-x-small-font-size\"><a class=\"wp-block-button__link has-base-color has-primary-background-color has-text-color has-background wp-element-button\" href=\"https:\/\/leii.no\/browse\/chef?initial=true&amp;sorting=POPULAR&amp;type=services\" target=\"_blank\" rel=\"noreferrer noopener\">Se kokker<\/a><\/div>\n<\/div>\n<\/div>\n\n\n\n<div class=\"wp-block-column is-style-column-box-shadow has-border-color is-layout-flow wp-container-core-column-is-layout-817d90dd wp-block-column-is-layout-flow\" style=\"border-color:#e3e3ea;border-width:1px;padding-top:var(--wp--preset--spacing--medium);padding-right:var(--wp--preset--spacing--medium);padding-bottom:var(--wp--preset--spacing--medium);padding-left:var(--wp--preset--spacing--medium)\">\n<div class=\"wp-block-group has-global-padding is-layout-constrained wp-container-core-group-is-layout-f5f3bcb8 wp-block-group-is-layout-constrained\">\n<p class=\"has-primary-color has-text-color has-medium-font-size\">\ud83c\udfb6<\/p>\n\n\n\n<h3 class=\"wp-block-heading has-base-font-size\" id=\"h-dj-og-artist\">DJ og artist<\/h3>\n\n\n\n<p class=\"has-small-font-size\">Musikk er en viktig del av julebordet! V\u00e5re artister og DJer s\u00f8rger for at festen ikke dabber av.<br><br><\/p>\n<\/div>\n\n\n\n<div class=\"wp-block-buttons is-layout-flex wp-block-buttons-is-layout-flex\">\n<div class=\"wp-block-button has-custom-width wp-block-button__width-100 has-custom-font-size is-style-fill has-x-small-font-size\"><a class=\"wp-block-button__link has-base-color has-primary-background-color has-text-color has-background wp-element-button\" href=\"https:\/\/leii.no\/browse\/dj?initial=true&amp;sorting=POPULAR&amp;type=services\" target=\"_blank\" rel=\"noreferrer noopener\">Se DJer<\/a><\/div>\n<\/div>\n<\/div>\n\n\n\n<div class=\"wp-block-column is-style-column-box-shadow has-border-color is-layout-flow wp-container-core-column-is-layout-817d90dd wp-block-column-is-layout-flow\" style=\"border-color:#e3e3ea;border-width:1px;padding-top:var(--wp--preset--spacing--medium);padding-right:var(--wp--preset--spacing--medium);padding-bottom:var(--wp--preset--spacing--medium);padding-left:var(--wp--preset--spacing--medium)\">\n<div class=\"wp-block-group has-global-padding is-layout-constrained wp-container-core-group-is-layout-f5f3bcb8 wp-block-group-is-layout-constrained\">\n<p class=\"has-primary-color has-text-color has-medium-font-size\">\ud83e\uddf9<\/p>\n\n\n\n<h3 class=\"wp-block-heading has-base-font-size\" id=\"h-rengjoring-dagen-derpa\">Rengj\u00f8ring dagen derp\u00e5<\/h3>\n\n\n\n<p class=\"has-small-font-size\">Ja, det er slitsomt \u00e5 skulle vaske lokalet eller huset dagen derp\u00e5. Da er det deilig med vaskehjelp.<br><br><\/p>\n<\/div>\n\n\n\n<div class=\"wp-block-buttons is-layout-flex wp-block-buttons-is-layout-flex\">\n<div class=\"wp-block-button has-custom-width wp-block-button__width-100 has-custom-font-size is-style-fill has-x-small-font-size\"><a class=\"wp-block-button__link has-base-color has-primary-background-color has-text-color has-background wp-element-button\" href=\"https:\/\/leii.no\/browse\/cleaning?initial=true&amp;sorting=POPULAR&amp;type=services\" target=\"_blank\" rel=\"noreferrer noopener\">Se renholder<\/a><\/div>\n<\/div>\n<\/div>\n<\/div>\n\n\n\n<p class=\"has-text-align-center has-primary-color has-text-color\"><\/p>\n<\/div>\n<\/div>\n","protected":false},"excerpt":{"rendered":"<p>\ud83e\uddd1\u200d\ud83c\udf73 Kokk og bartender Uansett om dere vil ha pinnekj\u00f8tt, ribbe eller flere retter har vi kokker som vil lage et fantastisk m\u00e5ltid. Legg til en bartender s\u00e5 har du det perfekte julebordet. \ud83c\udfb6 DJ og artist Musikk er en viktig del av julebordet! V\u00e5re artister og DJer s\u00f8rger for at festen ikke dabber av. [&hellip;]<\/p>\n","protected":false},"author":4,"featured_media":0,"parent":711,"menu_order":0,"comment_status":"closed","ping_status":"closed","template":"page-no-title","meta":{"content-type":"","_monsterinsights_skip_tracking":false,"_monsterinsights_sitenote_active":false,"_monsterinsights_sitenote_note":"","_monsterinsights_sitenote_category":0,"footnotes":""},"class_list":["post-686","page","type-page","status-publish","hentry"],"yoast_head":"<!-- This site is optimized with the Yoast SEO Premium plugin v25.8 (Yoast SEO v27.3) - https:\/\/yoast.com\/product\/yoast-seo-premium-wordpress\/ -->\n<title>Julebord<\/title>\n<meta name=\"description\" content=\"Julebord Gj\u00f8r det lille ekstra ut av julebordet \ud83c\udf84 Leii tilbyr tjenester som kan hjelpe deg med \u00e5 f\u00e5 et uforglemmelig julebord, enten det er med\" \/>\n<meta name=\"robots\" content=\"index, follow, max-snippet:-1, max-image-preview:large, max-video-preview:-1\" \/>\n<link rel=\"canonical\" href=\"https:\/\/leii.no\/innhold\/inspirasjon-2\/julebord\/\" \/>\n<meta property=\"og:locale\" content=\"nb_NO\" \/>\n<meta property=\"og:type\" content=\"article\" \/>\n<meta property=\"og:title\" content=\"Julebord\" \/>\n<meta property=\"og:description\" content=\"Julebord Gj\u00f8r det lille ekstra ut av julebordet \ud83c\udf84 Leii tilbyr tjenester som kan hjelpe deg med \u00e5 f\u00e5 et uforglemmelig julebord, enten det er med\" \/>\n<meta property=\"og:url\" content=\"https:\/\/leii.no\/innhold\/inspirasjon-2\/julebord\/\" \/>\n<meta property=\"article:modified_time\" content=\"2024-04-03T09:07:26+00:00\" \/>\n<meta property=\"og:image\" content=\"https:\/\/leii.no\/innhold\/wp-content\/themes\/ollie\/patterns\/images\/rocket.webp\" \/>\n<meta name=\"twitter:card\" content=\"summary_large_image\" \/>\n<meta name=\"twitter:label1\" content=\"Ansl. lesetid\" \/>\n\t<meta name=\"twitter:data1\" content=\"1 minutt\" \/>\n<script type=\"application\/ld+json\" class=\"yoast-schema-graph\">{\"@context\":\"https:\\\/\\\/schema.org\",\"@graph\":[{\"@type\":\"WebPage\",\"@id\":\"https:\\\/\\\/leii.no\\\/innhold\\\/inspirasjon-2\\\/julebord\\\/\",\"url\":\"https:\\\/\\\/leii.no\\\/innhold\\\/inspirasjon-2\\\/julebord\\\/\",\"name\":\"Julebord\",\"isPartOf\":{\"@id\":\"https:\\\/\\\/leii.no\\\/innhold\\\/#website\"},\"primaryImageOfPage\":{\"@id\":\"https:\\\/\\\/leii.no\\\/innhold\\\/inspirasjon-2\\\/julebord\\\/#primaryimage\"},\"image\":{\"@id\":\"https:\\\/\\\/leii.no\\\/innhold\\\/inspirasjon-2\\\/julebord\\\/#primaryimage\"},\"thumbnailUrl\":\"https:\\\/\\\/leii.no\\\/innhold\\\/wp-content\\\/themes\\\/ollie\\\/patterns\\\/images\\\/rocket.webp\",\"datePublished\":\"2023-11-14T12:48:48+00:00\",\"dateModified\":\"2024-04-03T09:07:26+00:00\",\"description\":\"Julebord Gj\u00f8r det lille ekstra ut av julebordet \ud83c\udf84 Leii tilbyr tjenester som kan hjelpe deg med \u00e5 f\u00e5 et uforglemmelig julebord, enten det er med\",\"breadcrumb\":{\"@id\":\"https:\\\/\\\/leii.no\\\/innhold\\\/inspirasjon-2\\\/julebord\\\/#breadcrumb\"},\"inLanguage\":\"nb-NO\",\"potentialAction\":[{\"@type\":\"ReadAction\",\"target\":[\"https:\\\/\\\/leii.no\\\/innhold\\\/inspirasjon-2\\\/julebord\\\/\"]}]},{\"@type\":\"ImageObject\",\"inLanguage\":\"nb-NO\",\"@id\":\"https:\\\/\\\/leii.no\\\/innhold\\\/inspirasjon-2\\\/julebord\\\/#primaryimage\",\"url\":\"\",\"contentUrl\":\"\"},{\"@type\":\"BreadcrumbList\",\"@id\":\"https:\\\/\\\/leii.no\\\/innhold\\\/inspirasjon-2\\\/julebord\\\/#breadcrumb\",\"itemListElement\":[{\"@type\":\"ListItem\",\"position\":1,\"name\":\"Hjem\",\"item\":\"https:\\\/\\\/leii.no\\\/innhold\\\/\"},{\"@type\":\"ListItem\",\"position\":2,\"name\":\"Inspirasjon\",\"item\":\"https:\\\/\\\/leii.no\\\/innhold\\\/inspirasjon-2\\\/\"},{\"@type\":\"ListItem\",\"position\":3,\"name\":\"Julebord\"}]},{\"@type\":\"WebSite\",\"@id\":\"https:\\\/\\\/leii.no\\\/innhold\\\/#website\",\"url\":\"https:\\\/\\\/leii.no\\\/innhold\\\/\",\"name\":\"Leii\",\"description\":\"Tjenester der du er\",\"publisher\":{\"@id\":\"https:\\\/\\\/leii.no\\\/innhold\\\/#organization\"},\"potentialAction\":[{\"@type\":\"SearchAction\",\"target\":{\"@type\":\"EntryPoint\",\"urlTemplate\":\"https:\\\/\\\/leii.no\\\/innhold\\\/?s={search_term_string}\"},\"query-input\":{\"@type\":\"PropertyValueSpecification\",\"valueRequired\":true,\"valueName\":\"search_term_string\"}}],\"inLanguage\":\"nb-NO\"},{\"@type\":\"Organization\",\"@id\":\"https:\\\/\\\/leii.no\\\/innhold\\\/#organization\",\"name\":\"Leii\",\"url\":\"https:\\\/\\\/leii.no\\\/innhold\\\/\",\"logo\":{\"@type\":\"ImageObject\",\"inLanguage\":\"nb-NO\",\"@id\":\"https:\\\/\\\/leii.no\\\/innhold\\\/#\\\/schema\\\/logo\\\/image\\\/\",\"url\":\"https:\\\/\\\/leii.no\\\/innhold\\\/wp-content\\\/uploads\\\/2023\\\/10\\\/Leii_logo_white.png\",\"contentUrl\":\"https:\\\/\\\/leii.no\\\/innhold\\\/wp-content\\\/uploads\\\/2023\\\/10\\\/Leii_logo_white.png\",\"width\":135,\"height\":82,\"caption\":\"Leii\"},\"image\":{\"@id\":\"https:\\\/\\\/leii.no\\\/innhold\\\/#\\\/schema\\\/logo\\\/image\\\/\"}}]}<\/script>\n<!-- \/ Yoast SEO Premium plugin. -->","yoast_head_json":{"title":"Julebord","description":"Julebord Gj\u00f8r det lille ekstra ut av julebordet \ud83c\udf84 Leii tilbyr tjenester som kan hjelpe deg med \u00e5 f\u00e5 et uforglemmelig julebord, enten det er med","robots":{"index":"index","follow":"follow","max-snippet":"max-snippet:-1","max-image-preview":"max-image-preview:large","max-video-preview":"max-video-preview:-1"},"canonical":"https:\/\/leii.no\/innhold\/inspirasjon-2\/julebord\/","og_locale":"nb_NO","og_type":"article","og_title":"Julebord","og_description":"Julebord Gj\u00f8r det lille ekstra ut av julebordet \ud83c\udf84 Leii tilbyr tjenester som kan hjelpe deg med \u00e5 f\u00e5 et uforglemmelig julebord, enten det er med","og_url":"https:\/\/leii.no\/innhold\/inspirasjon-2\/julebord\/","article_modified_time":"2024-04-03T09:07:26+00:00","og_image":[{"url":"https:\/\/leii.no\/innhold\/wp-content\/themes\/ollie\/patterns\/images\/rocket.webp","type":"","width":"","height":""}],"twitter_card":"summary_large_image","twitter_misc":{"Ansl. lesetid":"1 minutt"},"schema":{"@context":"https:\/\/schema.org","@graph":[{"@type":"WebPage","@id":"https:\/\/leii.no\/innhold\/inspirasjon-2\/julebord\/","url":"https:\/\/leii.no\/innhold\/inspirasjon-2\/julebord\/","name":"Julebord","isPartOf":{"@id":"https:\/\/leii.no\/innhold\/#website"},"primaryImageOfPage":{"@id":"https:\/\/leii.no\/innhold\/inspirasjon-2\/julebord\/#primaryimage"},"image":{"@id":"https:\/\/leii.no\/innhold\/inspirasjon-2\/julebord\/#primaryimage"},"thumbnailUrl":"https:\/\/leii.no\/innhold\/wp-content\/themes\/ollie\/patterns\/images\/rocket.webp","datePublished":"2023-11-14T12:48:48+00:00","dateModified":"2024-04-03T09:07:26+00:00","description":"Julebord Gj\u00f8r det lille ekstra ut av julebordet \ud83c\udf84 Leii tilbyr tjenester som kan hjelpe deg med \u00e5 f\u00e5 et uforglemmelig julebord, enten det er med","breadcrumb":{"@id":"https:\/\/leii.no\/innhold\/inspirasjon-2\/julebord\/#breadcrumb"},"inLanguage":"nb-NO","potentialAction":[{"@type":"ReadAction","target":["https:\/\/leii.no\/innhold\/inspirasjon-2\/julebord\/"]}]},{"@type":"ImageObject","inLanguage":"nb-NO","@id":"https:\/\/leii.no\/innhold\/inspirasjon-2\/julebord\/#primaryimage","url":"","contentUrl":""},{"@type":"BreadcrumbList","@id":"https:\/\/leii.no\/innhold\/inspirasjon-2\/julebord\/#breadcrumb","itemListElement":[{"@type":"ListItem","position":1,"name":"Hjem","item":"https:\/\/leii.no\/innhold\/"},{"@type":"ListItem","position":2,"name":"Inspirasjon","item":"https:\/\/leii.no\/innhold\/inspirasjon-2\/"},{"@type":"ListItem","position":3,"name":"Julebord"}]},{"@type":"WebSite","@id":"https:\/\/leii.no\/innhold\/#website","url":"https:\/\/leii.no\/innhold\/","name":"Leii","description":"Tjenester der du er","publisher":{"@id":"https:\/\/leii.no\/innhold\/#organization"},"potentialAction":[{"@type":"SearchAction","target":{"@type":"EntryPoint","urlTemplate":"https:\/\/leii.no\/innhold\/?s={search_term_string}"},"query-input":{"@type":"PropertyValueSpecification","valueRequired":true,"valueName":"search_term_string"}}],"inLanguage":"nb-NO"},{"@type":"Organization","@id":"https:\/\/leii.no\/innhold\/#organization","name":"Leii","url":"https:\/\/leii.no\/innhold\/","logo":{"@type":"ImageObject","inLanguage":"nb-NO","@id":"https:\/\/leii.no\/innhold\/#\/schema\/logo\/image\/","url":"https:\/\/leii.no\/innhold\/wp-content\/uploads\/2023\/10\/Leii_logo_white.png","contentUrl":"https:\/\/leii.no\/innhold\/wp-content\/uploads\/2023\/10\/Leii_logo_white.png","width":135,"height":82,"caption":"Leii"},"image":{"@id":"https:\/\/leii.no\/innhold\/#\/schema\/logo\/image\/"}}]}},"_links":{"self":[{"href":"https:\/\/leii.no\/innhold\/wp-json\/wp\/v2\/pages\/686","targetHints":{"allow":["GET"]}}],"collection":[{"href":"https:\/\/leii.no\/innhold\/wp-json\/wp\/v2\/pages"}],"about":[{"href":"https:\/\/leii.no\/innhold\/wp-json\/wp\/v2\/types\/page"}],"author":[{"embeddable":true,"href":"https:\/\/leii.no\/innhold\/wp-json\/wp\/v2\/users\/4"}],"replies":[{"embeddable":true,"href":"https:\/\/leii.no\/innhold\/wp-json\/wp\/v2\/comments?post=686"}],"version-history":[{"count":5,"href":"https:\/\/leii.no\/innhold\/wp-json\/wp\/v2\/pages\/686\/revisions"}],"predecessor-version":[{"id":972,"href":"https:\/\/leii.no\/innhold\/wp-json\/wp\/v2\/pages\/686\/revisions\/972"}],"up":[{"embeddable":true,"href":"https:\/\/leii.no\/innhold\/wp-json\/wp\/v2\/pages\/711"}],"wp:attachment":[{"href":"https:\/\/leii.no\/innhold\/wp-json\/wp\/v2\/media?parent=686"}],"curies":[{"name":"wp","href":"https:\/\/api.w.org\/{rel}","templated":true}]}}